{"id":2677,"date":"2022-04-26T11:45:09","date_gmt":"2022-04-26T11:45:09","guid":{"rendered":"https:\/\/laborservice-onken.de\/?page_id=2677"},"modified":"2022-04-29T06:10:49","modified_gmt":"2022-04-29T06:10:49","slug":"registrierung-gemaess-ivdr-2017-746","status":"publish","type":"page","link":"https:\/\/laborservice-onken.de\/en\/registrierung-gemaess-ivdr-2017-746\/","title":{"rendered":"Registration according to IVDR (EU) 2017-746"},"content":{"rendered":"<div class=\"wpb-content-wrapper\"><div class=\"vc_row wpb_row vc_row-fluid\"><div class=\"wpb_column vc_column_container vc_col-sm-12\"><div class=\"vc_column-inner\"><div class=\"wpb_wrapper\">\n\t<div class=\"wpb_text_column wpb_content_element\" >\n\t\t<div class=\"wpb_wrapper\">\n\t\t\t<p>Dear customers.<\/p>\n<p>On May 26, 2022, the new In-Vitro-Diagnostics-Regulation (EU) IVDR 2017-746 will come into force. We, Laborservice Onken GmbH, as an importer and distributer, are obliged to identify the supply chain of IVD products in accordance with article 22. Therefore, we have to provide the manufacturer Biochrom Ltd. with certain information about end consumers or end user by transmit and update continuously.<\/p>\n<p>If you use our Biochrom products for in-vitro-diagnostics, we must ask you to give us the relevant information about the people responsible and the Biochrom products to be used.<\/p>\n<p>To do this, please fill out the fields listed below and, after reading the data protection declaration, click on Send.<\/p>\n<p>You can here: <a href=\"https:\/\/laborservice-onken.de\/wp-content\/uploads\/2022\/04\/Registration-according-IVDR-2017-746-Form-1.docx\" target=\"_blank\" rel=\"noopener\"><img loading=\"lazy\" decoding=\"async\" class=\"alignnone size-full wp-image-2715\" src=\"https:\/\/laborservice-onken.de\/wp-content\/uploads\/2022\/04\/Flagge-englisch.png\" alt=\"\" width=\"18\" height=\"12\" \/><\/a> \u00a0<a href=\"https:\/\/laborservice-onken.de\/wp-content\/uploads\/2022\/04\/Registrierung-gemaess-IVDR-2017-746-Form.docx\" target=\"_blank\" rel=\"noopener\"><img loading=\"lazy\" decoding=\"async\" class=\"alignnone size-full wp-image-2714\" src=\"https:\/\/laborservice-onken.de\/wp-content\/uploads\/2022\/04\/Flagge-deutsch.png\" alt=\"\" width=\"18\" height=\"12\" \/><\/a> download an offline form which you can then email to \ninfo@laborservice-onken.de or fax to +49 6058\/1465.<\/p>\n<p>We thank you for your cooperation.<\/p>\n<p>Yours sincerely<br \/>\nLaborservice Onken GmbH<\/p>\n\n\t\t<\/div>\n\t<\/div>\n<\/div><\/div><\/div><\/div><div class=\"vc_row wpb_row vc_row-fluid\"><div class=\"wpb_column vc_column_container vc_col-sm-12\"><div class=\"vc_column-inner\"><div class=\"wpb_wrapper\">\n<div class=\"wpcf7 no-js\" id=\"wpcf7-f2675-o1\" lang=\"de-DE\" dir=\"ltr\" data-wpcf7-id=\"2675\">\n<div class=\"screen-reader-response\"><p role=\"status\" aria-live=\"polite\" aria-atomic=\"true\"><\/p> <ul><\/ul><\/div>\n<form action=\"\/en\/wp-json\/wp\/v2\/pages\/2677#wpcf7-f2675-o1\" method=\"post\" class=\"wpcf7-form init\" aria-label=\"Contact Form\" novalidate=\"novalidate\" data-status=\"init\" data-trp-original-action=\"\/en\/wp-json\/wp\/v2\/pages\/2677#wpcf7-f2675-o1\">\n<fieldset class=\"hidden-fields-container\"><input type=\"hidden\" name=\"_wpcf7\" value=\"2675\" \/><input type=\"hidden\" name=\"_wpcf7_version\" value=\"6.1.5\" \/><input type=\"hidden\" name=\"_wpcf7_locale\" value=\"de_DE\" \/><input type=\"hidden\" name=\"_wpcf7_unit_tag\" value=\"wpcf7-f2675-o1\" \/><input type=\"hidden\" name=\"_wpcf7_container_post\" value=\"0\" \/><input type=\"hidden\" name=\"_wpcf7_posted_data_hash\" value=\"\" \/>\n<\/fieldset>\n<p><span id=\"wpcf7-69e9ca5835a82-wrapper\" class=\"wpcf7-form-control-wrap Mobile-wrap\" style=\"display:none !important; visibility:hidden !important;\"><label for=\"wpcf7-69e9ca5835a82-field\" class=\"hp-message\">Bitte lasse dieses Feld leer.<\/label><input id=\"wpcf7-69e9ca5835a82-field\"  class=\"wpcf7-form-control wpcf7-text\" type=\"text\" name=\"Mobile\" value=\"\" size=\"40\" tabindex=\"-1\" autocomplete=\"new-password\" \/><\/span><label> Company\/Organisation (*)<br \/>\n<span class=\"wpcf7-form-control-wrap\" data-name=\"FirmaInstitut\"><input size=\"40\" maxlength=\"400\" class=\"wpcf7-form-control wpcf7-text wpcf7-validates-as-required\" aria-required=\"true\" aria-invalid=\"false\" value=\"\" type=\"text\" name=\"FirmaInstitut\" \/><\/span> <\/label>\n<\/p>\n<p><label> Responsible Quality Management (*)<br \/>\n<span class=\"wpcf7-form-control-wrap\" data-name=\"ansprechpartnerQM\"><input size=\"40\" maxlength=\"400\" class=\"wpcf7-form-control wpcf7-text wpcf7-validates-as-required\" aria-required=\"true\" aria-invalid=\"false\" value=\"\" type=\"text\" name=\"ansprechpartnerQM\" \/><\/span> <\/label>\n<\/p>\n<p><label> E-Mail Quality Management (*)<br \/>\n<span class=\"wpcf7-form-control-wrap\" data-name=\"emailQM\"><input size=\"40\" maxlength=\"400\" class=\"wpcf7-form-control wpcf7-email wpcf7-validates-as-required wpcf7-text wpcf7-validates-as-email\" aria-required=\"true\" aria-invalid=\"false\" value=\"\" type=\"email\" name=\"emailQM\" \/><\/span> <\/label>\n<\/p>\n<p><label> Telephone Quality Management (*)<br \/>\n<span class=\"wpcf7-form-control-wrap\" data-name=\"telefonQM\"><input size=\"40\" maxlength=\"400\" class=\"wpcf7-form-control wpcf7-text wpcf7-validates-as-required\" aria-required=\"true\" aria-invalid=\"false\" value=\"\" type=\"text\" name=\"telefonQM\" \/><\/span> <\/label>\n<\/p>\n<p><label> Responible User<br \/>\n<span class=\"wpcf7-form-control-wrap\" data-name=\"anwender\"><input size=\"40\" maxlength=\"400\" class=\"wpcf7-form-control wpcf7-text\" aria-invalid=\"false\" value=\"\" type=\"text\" name=\"anwender\" \/><\/span> <\/label>\n<\/p>\n<p><label> E-Mail User<br \/>\n<span class=\"wpcf7-form-control-wrap\" data-name=\"email_anwender\"><input size=\"40\" maxlength=\"400\" class=\"wpcf7-form-control wpcf7-email wpcf7-text wpcf7-validates-as-email\" aria-invalid=\"false\" value=\"\" type=\"email\" name=\"email_anwender\" \/><\/span> <\/label>\n<\/p>\n<p><label> Telephone User<br \/>\n<span class=\"wpcf7-form-control-wrap\" data-name=\"telefon_anwender\"><input size=\"40\" maxlength=\"400\" class=\"wpcf7-form-control wpcf7-text\" aria-invalid=\"false\" value=\"\" type=\"text\" name=\"telefon_anwender\" \/><\/span> <\/label>\n<\/p>\n<table>\n\t<tr>\n\t\t<th>\n\t\t\t<p>Biochrom-Model\n\t\t\t<\/p>\n\t\t<\/th>\n\t\t<th>\n\t\t\t<p>Serial Number <a href=\"https:\/\/laborservice-onken.de\/wp-content\/uploads\/2022\/04\/SN-Geraet-scaled.jpg\"\u00adtarget=\"_blank\" rel=\"noopener noreferrer\"\u00ad>\u2754<\/a>\n\t\t\t<\/p>\n\t\t<\/th>\n\t<\/tr>\n\t<tr>\n\t\t<td>\n\t\t\t<p><span class=\"wpcf7-form-control-wrap\" data-name=\"gert1\"><input size=\"40\" maxlength=\"400\" class=\"wpcf7-form-control wpcf7-text\" aria-invalid=\"false\" value=\"\" type=\"text\" name=\"gert1\" \/><\/span>\n\t\t\t<\/p>\n\t\t<\/td>\n\t\t<td>\n\t\t\t<p><span class=\"wpcf7-form-control-wrap\" data-name=\"sn1\"><input class=\"wpcf7-form-control wpcf7-number wpcf7-validates-as-number\" aria-invalid=\"false\" value=\"\" type=\"number\" name=\"sn1\" \/><\/span>\n\t\t\t<\/p>\n\t\t<\/td>\n\t<\/tr>\n\t<tr>\n\t\t<td>\n\t\t\t<p><span class=\"wpcf7-form-control-wrap\" data-name=\"gert2\"><input size=\"40\" maxlength=\"400\" class=\"wpcf7-form-control wpcf7-text\" aria-invalid=\"false\" value=\"\" type=\"text\" name=\"gert2\" \/><\/span>\n\t\t\t<\/p>\n\t\t<\/td>\n\t\t<td>\n\t\t\t<p><span class=\"wpcf7-form-control-wrap\" data-name=\"sn2\"><input class=\"wpcf7-form-control wpcf7-number wpcf7-validates-as-number\" aria-invalid=\"false\" value=\"\" type=\"number\" name=\"sn2\" \/><\/span>\n\t\t\t<\/p>\n\t\t<\/td>\n\t<\/tr>\n\t<tr>\n\t\t<td>\n\t\t\t<p><span class=\"wpcf7-form-control-wrap\" data-name=\"gert3\"><input size=\"40\" maxlength=\"400\" class=\"wpcf7-form-control wpcf7-text\" aria-invalid=\"false\" value=\"\" type=\"text\" name=\"gert3\" \/><\/span>\n\t\t\t<\/p>\n\t\t<\/td>\n\t\t<td>\n\t\t\t<p><span class=\"wpcf7-form-control-wrap\" data-name=\"sn3\"><input class=\"wpcf7-form-control wpcf7-number wpcf7-validates-as-number\" aria-invalid=\"false\" value=\"\" type=\"number\" name=\"sn3\" \/><\/span>\n\t\t\t<\/p>\n\t\t<\/td>\n\t<\/tr>\n\t<tr>\n\t\t<td>\n\t\t\t<p><span class=\"wpcf7-form-control-wrap\" data-name=\"gert4\"><input size=\"40\" maxlength=\"400\" class=\"wpcf7-form-control wpcf7-text\" aria-invalid=\"false\" value=\"\" type=\"text\" name=\"gert4\" \/><\/span>\n\t\t\t<\/p>\n\t\t<\/td>\n\t\t<td>\n\t\t\t<p><span class=\"wpcf7-form-control-wrap\" data-name=\"sn4\"><input class=\"wpcf7-form-control wpcf7-number wpcf7-validates-as-number\" aria-invalid=\"false\" value=\"\" type=\"number\" name=\"sn4\" \/><\/span>\n\t\t\t<\/p>\n\t\t<\/td>\n\t<\/tr>\n\t<tr>\n\t\t<td>\n\t\t\t<p><span class=\"wpcf7-form-control-wrap\" data-name=\"gert5\"><input size=\"40\" maxlength=\"400\" class=\"wpcf7-form-control wpcf7-text\" aria-invalid=\"false\" value=\"\" type=\"text\" name=\"gert5\" \/><\/span>\n\t\t\t<\/p>\n\t\t<\/td>\n\t\t<td>\n\t\t\t<p><span class=\"wpcf7-form-control-wrap\" data-name=\"sn5\"><input class=\"wpcf7-form-control wpcf7-number wpcf7-validates-as-number\" aria-invalid=\"false\" value=\"\" type=\"number\" name=\"sn5\" \/><\/span>\n\t\t\t<\/p>\n\t\t<\/td>\n\t<\/tr>\n\t<tr>\n\t\t<td>\n\t\t\t<p><span class=\"wpcf7-form-control-wrap\" data-name=\"gert6\"><input size=\"40\" maxlength=\"400\" class=\"wpcf7-form-control wpcf7-text\" aria-invalid=\"false\" value=\"\" type=\"text\" name=\"gert6\" \/><\/span>\n\t\t\t<\/p>\n\t\t<\/td>\n\t\t<td>\n\t\t\t<p><span class=\"wpcf7-form-control-wrap\" data-name=\"sn6\"><input class=\"wpcf7-form-control wpcf7-number wpcf7-validates-as-number\" aria-invalid=\"false\" value=\"\" type=\"number\" name=\"sn6\" \/><\/span>\n\t\t\t<\/p>\n\t\t<\/td>\n\t<\/tr>\n<\/table>\n<p><label> Additional Message\/Information<br \/>\n<span class=\"wpcf7-form-control-wrap\" data-name=\"Nachricht\"><input size=\"40\" maxlength=\"400\" class=\"wpcf7-form-control wpcf7-text\" aria-invalid=\"false\" value=\"\" type=\"text\" name=\"Nachricht\" \/><\/span> <\/label>\n<\/p>\n<p><span class=\"wpcf7-form-control-wrap\" data-name=\"your-consent\"><span class=\"wpcf7-form-control wpcf7-acceptance\"><span class=\"wpcf7-list-item\"><label><input type=\"checkbox\" name=\"your-consent\" value=\"1\" aria-invalid=\"false\" \/><span class=\"wpcf7-list-item-label\">I read the <a href=\"https:\/\/laborservice-onken.de\/en\/?p=1359\">privacy policy<\/a> note. I agree that my details and data will be collected and stored electronically to answer my request.<\/span><\/label><\/span><\/span><\/span>\n<\/p>\n<p>You can revoke your consent at any time for the future by sending an email to info@laborservice-onken.de .\n<\/p>\n<p>The fields with (*) must be filled out.\n<\/p>\n<p><input class=\"wpcf7-form-control wpcf7-submit has-spinner\" type=\"submit\" value=\"Send\" \/>\n<\/p><div class=\"wpcf7-response-output\" aria-hidden=\"true\"><\/div>\n<input type=\"hidden\" name=\"trp-form-language\" value=\"en\"\/><\/form>\n<\/div>\n<\/div><\/div><\/div><\/div>\n<\/div>","protected":false},"excerpt":{"rendered":"<p>Sehr geehrte Kunden und Kundinnen. Am 26. Mai 2022 tritt die neue In-Vitro-Diagnostik-Verordnung (EU) IVDR 2017-746 in Kraft. Wir, Laborservice Onken GmbH sind als Importeur und H\u00e4ndler gem\u00e4\u00df Artikel 22 zur Identifizierung der Lieferkette von IVD-Produkten verpflichtet. Daher m\u00fcssen wir gewisse Angaben zum Endverbrauch bzw. zur Endbenutzung an den Hersteller Biochrom Ltd. \u00fcbermitteln und stetig&hellip;<\/p>","protected":false},"author":1,"featured_media":0,"parent":0,"menu_order":0,"comment_status":"closed","ping_status":"closed","template":"","meta":{"footnotes":""},"class_list":["post-2677","page","type-page","status-publish","hentry","description-off"],"yoast_head":"<!-- This site is optimized with the Yoast SEO plugin v27.4 - https:\/\/yoast.com\/product\/yoast-seo-wordpress\/ -->\n<title>Registrierung gem\u00e4\u00df IVDR (EU) 2017-746 - Laborservice Onken GmbH<\/title>\n<meta name=\"robots\" content=\"index, follow, max-snippet:-1, max-image-preview:large, max-video-preview:-1\" \/>\n<link rel=\"canonical\" href=\"https:\/\/laborservice-onken.de\/en\/registrierung-gemaess-ivdr-2017-746\/\" \/>\n<meta property=\"og:locale\" content=\"en_US\" \/>\n<meta property=\"og:type\" content=\"article\" \/>\n<meta property=\"og:title\" content=\"Registrierung gem\u00e4\u00df IVDR (EU) 2017-746 - Laborservice Onken GmbH\" \/>\n<meta property=\"og:url\" content=\"https:\/\/laborservice-onken.de\/en\/registrierung-gemaess-ivdr-2017-746\/\" \/>\n<meta property=\"og:site_name\" content=\"Laborservice Onken GmbH\" \/>\n<meta property=\"article:modified_time\" content=\"2022-04-29T06:10:49+00:00\" \/>\n<meta property=\"og:image\" content=\"https:\/\/laborservice-onken.de\/wp-content\/uploads\/2022\/04\/Flagge-englisch.png\" \/>\n<meta name=\"twitter:label1\" content=\"Est. reading time\" \/>\n\t<meta name=\"twitter:data1\" content=\"1 minute\" \/>\n<script type=\"application\/ld+json\" class=\"yoast-schema-graph\">{\"@context\":\"https:\\\/\\\/schema.org\",\"@graph\":[{\"@type\":\"WebPage\",\"@id\":\"https:\\\/\\\/laborservice-onken.de\\\/registrierung-gemaess-ivdr-2017-746\\\/\",\"url\":\"https:\\\/\\\/laborservice-onken.de\\\/registrierung-gemaess-ivdr-2017-746\\\/\",\"name\":\"Registrierung gem\u00e4\u00df IVDR (EU) 2017-746 - Laborservice Onken GmbH\",\"isPartOf\":{\"@id\":\"https:\\\/\\\/laborservice-onken.de\\\/#website\"},\"primaryImageOfPage\":{\"@id\":\"https:\\\/\\\/laborservice-onken.de\\\/registrierung-gemaess-ivdr-2017-746\\\/#primaryimage\"},\"image\":{\"@id\":\"https:\\\/\\\/laborservice-onken.de\\\/registrierung-gemaess-ivdr-2017-746\\\/#primaryimage\"},\"thumbnailUrl\":\"https:\\\/\\\/laborservice-onken.de\\\/wp-content\\\/uploads\\\/2022\\\/04\\\/Flagge-englisch.png\",\"datePublished\":\"2022-04-26T11:45:09+00:00\",\"dateModified\":\"2022-04-29T06:10:49+00:00\",\"breadcrumb\":{\"@id\":\"https:\\\/\\\/laborservice-onken.de\\\/registrierung-gemaess-ivdr-2017-746\\\/#breadcrumb\"},\"inLanguage\":\"en-US\",\"potentialAction\":[{\"@type\":\"ReadAction\",\"target\":[\"https:\\\/\\\/laborservice-onken.de\\\/registrierung-gemaess-ivdr-2017-746\\\/\"]}]},{\"@type\":\"ImageObject\",\"inLanguage\":\"en-US\",\"@id\":\"https:\\\/\\\/laborservice-onken.de\\\/registrierung-gemaess-ivdr-2017-746\\\/#primaryimage\",\"url\":\"https:\\\/\\\/laborservice-onken.de\\\/wp-content\\\/uploads\\\/2022\\\/04\\\/Flagge-englisch.png\",\"contentUrl\":\"https:\\\/\\\/laborservice-onken.de\\\/wp-content\\\/uploads\\\/2022\\\/04\\\/Flagge-englisch.png\"},{\"@type\":\"BreadcrumbList\",\"@id\":\"https:\\\/\\\/laborservice-onken.de\\\/registrierung-gemaess-ivdr-2017-746\\\/#breadcrumb\",\"itemListElement\":[{\"@type\":\"ListItem\",\"position\":1,\"name\":\"Startseite\",\"item\":\"https:\\\/\\\/laborservice-onken.de\\\/\"},{\"@type\":\"ListItem\",\"position\":2,\"name\":\"Registrierung gem\u00e4\u00df IVDR (EU) 2017-746\"}]},{\"@type\":\"WebSite\",\"@id\":\"https:\\\/\\\/laborservice-onken.de\\\/#website\",\"url\":\"https:\\\/\\\/laborservice-onken.de\\\/\",\"name\":\"Laborservice Onken GmbH\",\"description\":\"Ihr Partner in der Aminos\u00e4urenanalytik\",\"publisher\":{\"@id\":\"https:\\\/\\\/laborservice-onken.de\\\/#organization\"},\"potentialAction\":[{\"@type\":\"SearchAction\",\"target\":{\"@type\":\"EntryPoint\",\"urlTemplate\":\"https:\\\/\\\/laborservice-onken.de\\\/?s={search_term_string}\"},\"query-input\":{\"@type\":\"PropertyValueSpecification\",\"valueRequired\":true,\"valueName\":\"search_term_string\"}}],\"inLanguage\":\"en-US\"},{\"@type\":\"Organization\",\"@id\":\"https:\\\/\\\/laborservice-onken.de\\\/#organization\",\"name\":\"Laborservice Onken GmbH\",\"url\":\"https:\\\/\\\/laborservice-onken.de\\\/\",\"logo\":{\"@type\":\"ImageObject\",\"inLanguage\":\"en-US\",\"@id\":\"https:\\\/\\\/laborservice-onken.de\\\/#\\\/schema\\\/logo\\\/image\\\/\",\"url\":\"https:\\\/\\\/laborservice-onken.de\\\/wp-content\\\/uploads\\\/2019\\\/02\\\/Logo_Textb.png\",\"contentUrl\":\"https:\\\/\\\/laborservice-onken.de\\\/wp-content\\\/uploads\\\/2019\\\/02\\\/Logo_Textb.png\",\"width\":586,\"height\":88,\"caption\":\"Laborservice Onken GmbH\"},\"image\":{\"@id\":\"https:\\\/\\\/laborservice-onken.de\\\/#\\\/schema\\\/logo\\\/image\\\/\"}}]}<\/script>\n<!-- \/ Yoast SEO plugin. -->","yoast_head_json":{"title":"Registrierung gem\u00e4\u00df IVDR (EU) 2017-746 - Laborservice Onken GmbH","robots":{"index":"index","follow":"follow","max-snippet":"max-snippet:-1","max-image-preview":"max-image-preview:large","max-video-preview":"max-video-preview:-1"},"canonical":"https:\/\/laborservice-onken.de\/en\/registrierung-gemaess-ivdr-2017-746\/","og_locale":"en_US","og_type":"article","og_title":"Registrierung gem\u00e4\u00df IVDR (EU) 2017-746 - Laborservice Onken GmbH","og_url":"https:\/\/laborservice-onken.de\/en\/registrierung-gemaess-ivdr-2017-746\/","og_site_name":"Laborservice Onken GmbH","article_modified_time":"2022-04-29T06:10:49+00:00","og_image":[{"url":"https:\/\/laborservice-onken.de\/wp-content\/uploads\/2022\/04\/Flagge-englisch.png","type":"","width":"","height":""}],"twitter_misc":{"Est. reading time":"1 minute"},"schema":{"@context":"https:\/\/schema.org","@graph":[{"@type":"WebPage","@id":"https:\/\/laborservice-onken.de\/registrierung-gemaess-ivdr-2017-746\/","url":"https:\/\/laborservice-onken.de\/registrierung-gemaess-ivdr-2017-746\/","name":"Registrierung gem\u00e4\u00df IVDR (EU) 2017-746 - Laborservice Onken GmbH","isPartOf":{"@id":"https:\/\/laborservice-onken.de\/#website"},"primaryImageOfPage":{"@id":"https:\/\/laborservice-onken.de\/registrierung-gemaess-ivdr-2017-746\/#primaryimage"},"image":{"@id":"https:\/\/laborservice-onken.de\/registrierung-gemaess-ivdr-2017-746\/#primaryimage"},"thumbnailUrl":"https:\/\/laborservice-onken.de\/wp-content\/uploads\/2022\/04\/Flagge-englisch.png","datePublished":"2022-04-26T11:45:09+00:00","dateModified":"2022-04-29T06:10:49+00:00","breadcrumb":{"@id":"https:\/\/laborservice-onken.de\/registrierung-gemaess-ivdr-2017-746\/#breadcrumb"},"inLanguage":"en-US","potentialAction":[{"@type":"ReadAction","target":["https:\/\/laborservice-onken.de\/registrierung-gemaess-ivdr-2017-746\/"]}]},{"@type":"ImageObject","inLanguage":"en-US","@id":"https:\/\/laborservice-onken.de\/registrierung-gemaess-ivdr-2017-746\/#primaryimage","url":"https:\/\/laborservice-onken.de\/wp-content\/uploads\/2022\/04\/Flagge-englisch.png","contentUrl":"https:\/\/laborservice-onken.de\/wp-content\/uploads\/2022\/04\/Flagge-englisch.png"},{"@type":"BreadcrumbList","@id":"https:\/\/laborservice-onken.de\/registrierung-gemaess-ivdr-2017-746\/#breadcrumb","itemListElement":[{"@type":"ListItem","position":1,"name":"Startseite","item":"https:\/\/laborservice-onken.de\/"},{"@type":"ListItem","position":2,"name":"Registrierung gem\u00e4\u00df IVDR (EU) 2017-746"}]},{"@type":"WebSite","@id":"https:\/\/laborservice-onken.de\/#website","url":"https:\/\/laborservice-onken.de\/","name":"Laborservice Onken GmbH","description":"Your partner in amino acid analysis","publisher":{"@id":"https:\/\/laborservice-onken.de\/#organization"},"potentialAction":[{"@type":"SearchAction","target":{"@type":"EntryPoint","urlTemplate":"https:\/\/laborservice-onken.de\/?s={search_term_string}"},"query-input":{"@type":"PropertyValueSpecification","valueRequired":true,"valueName":"search_term_string"}}],"inLanguage":"en-US"},{"@type":"Organization","@id":"https:\/\/laborservice-onken.de\/#organization","name":"Laborservice Onken GmbH","url":"https:\/\/laborservice-onken.de\/","logo":{"@type":"ImageObject","inLanguage":"en-US","@id":"https:\/\/laborservice-onken.de\/#\/schema\/logo\/image\/","url":"https:\/\/laborservice-onken.de\/wp-content\/uploads\/2019\/02\/Logo_Textb.png","contentUrl":"https:\/\/laborservice-onken.de\/wp-content\/uploads\/2019\/02\/Logo_Textb.png","width":586,"height":88,"caption":"Laborservice Onken GmbH"},"image":{"@id":"https:\/\/laborservice-onken.de\/#\/schema\/logo\/image\/"}}]}},"_links":{"self":[{"href":"https:\/\/laborservice-onken.de\/en\/wp-json\/wp\/v2\/pages\/2677","targetHints":{"allow":["GET"]}}],"collection":[{"href":"https:\/\/laborservice-onken.de\/en\/wp-json\/wp\/v2\/pages"}],"about":[{"href":"https:\/\/laborservice-onken.de\/en\/wp-json\/wp\/v2\/types\/page"}],"author":[{"embeddable":true,"href":"https:\/\/laborservice-onken.de\/en\/wp-json\/wp\/v2\/users\/1"}],"replies":[{"embeddable":true,"href":"https:\/\/laborservice-onken.de\/en\/wp-json\/wp\/v2\/comments?post=2677"}],"version-history":[{"count":8,"href":"https:\/\/laborservice-onken.de\/en\/wp-json\/wp\/v2\/pages\/2677\/revisions"}],"predecessor-version":[{"id":2716,"href":"https:\/\/laborservice-onken.de\/en\/wp-json\/wp\/v2\/pages\/2677\/revisions\/2716"}],"wp:attachment":[{"href":"https:\/\/laborservice-onken.de\/en\/wp-json\/wp\/v2\/media?parent=2677"}],"curies":[{"name":"wp","href":"https:\/\/api.w.org\/{rel}","templated":true}]}}