{"id":2430,"date":"2021-01-28T08:09:32","date_gmt":"2021-01-28T08:09:32","guid":{"rendered":"https:\/\/laborservice-onken.de\/?page_id=2430"},"modified":"2026-01-02T13:36:21","modified_gmt":"2026-01-02T13:36:21","slug":"softwareloesungen","status":"publish","type":"page","link":"https:\/\/laborservice-onken.de\/en\/produkte\/softwareloesungen\/","title":{"rendered":"Software Solutions"},"content":{"rendered":"<div class=\"wpb-content-wrapper\"><div class=\"vc_row wpb_row vc_row-fluid\"><div class=\"wpb_column vc_column_container vc_col-sm-2\"><div class=\"vc_column-inner\"><div class=\"wpb_wrapper\"><\/div><\/div><\/div><div class=\"wpb_column vc_column_container vc_col-sm-8\"><div class=\"vc_column-inner\"><div class=\"wpb_wrapper\"><h2 style=\"font-size: 30px;color: #1e73be;text-align: left;font-family:Abril Fatface;font-weight:400;font-style:normal\" class=\"vc_custom_heading\" >Software Solutions<\/h2><\/div><\/div><\/div><div class=\"wpb_column vc_column_container vc_col-sm-2\"><div class=\"vc_column-inner\"><div class=\"wpb_wrapper\"><\/div><\/div><\/div><\/div><div class=\"vc_row wpb_row vc_row-fluid\"><div class=\"wpb_column vc_column_container vc_col-sm-2\"><div class=\"vc_column-inner\"><div class=\"wpb_wrapper\"><\/div><\/div><\/div><div class=\"wpb_column vc_column_container vc_col-sm-8\"><div class=\"vc_column-inner\"><div class=\"wpb_wrapper\">\n\t<div class=\"wpb_text_column wpb_content_element\" >\n\t\t<div class=\"wpb_wrapper\">\n\t\t\t<p>Licensed software for control and for data acquisition and evaluation with all requirements for GMP and standards.<\/p>\n\n\t\t<\/div>\n\t<\/div>\n<div class=\"gap\" style=\"line-height: 70px; height: 70px;\"><\/div><\/div><\/div><\/div><div class=\"wpb_column vc_column_container vc_col-sm-2\"><div class=\"vc_column-inner\"><div class=\"wpb_wrapper\">\n\t<div  class=\"wpb_single_image wpb_content_element vc_align_left  wpb_animate_when_almost_visible wpb_appear appear\">\n\t\t\n\t\t<figure class=\"wpb_wrapper vc_figure\">\n\t\t\t<div class=\"vc_single_image-wrapper   vc_box_border_grey\"><img loading=\"lazy\" decoding=\"async\" width=\"2560\" height=\"1418\" src=\"https:\/\/laborservice-onken.de\/wp-content\/uploads\/2021\/01\/Software-scaled.jpg\" class=\"vc_single_image-img attachment-full\" alt=\"\" title=\"Software\" srcset=\"https:\/\/laborservice-onken.de\/wp-content\/uploads\/2021\/01\/Software-scaled.jpg 2560w, https:\/\/laborservice-onken.de\/wp-content\/uploads\/2021\/01\/Software-300x166.jpg 300w, https:\/\/laborservice-onken.de\/wp-content\/uploads\/2021\/01\/Software-1024x567.jpg 1024w, https:\/\/laborservice-onken.de\/wp-content\/uploads\/2021\/01\/Software-768x425.jpg 768w, https:\/\/laborservice-onken.de\/wp-content\/uploads\/2021\/01\/Software-1536x851.jpg 1536w, https:\/\/laborservice-onken.de\/wp-content\/uploads\/2021\/01\/Software-2048x1134.jpg 2048w, https:\/\/laborservice-onken.de\/wp-content\/uploads\/2021\/01\/Software-16x9.jpg 16w\" sizes=\"auto, (max-width: 2560px) 100vw, 2560px\"  data-dt-location=\"https:\/\/laborservice-onken.de\/en\/produkte\/software\/\" \/><\/div>\n\t\t<\/figure>\n\t<\/div>\n<\/div><\/div><\/div><\/div><div class=\"vc_row wpb_row vc_row-fluid\"><div class=\"wpb_column vc_column_container vc_col-sm-2\"><div class=\"vc_column-inner\"><div class=\"wpb_wrapper\"><\/div><\/div><\/div><div class=\"wpb_column vc_column_container vc_col-sm-8\"><div class=\"vc_column-inner\"><div class=\"wpb_wrapper\"><h2 style=\"font-size: 20px;color: #1e73be;text-align: left;font-family:Abril Fatface;font-weight:400;font-style:normal\" class=\"vc_custom_heading\" >BioSys operating software<\/h2>\n\t<div class=\"wpb_text_column wpb_content_element\" >\n\t\t<div class=\"wpb_wrapper\">\n\t\t\t<p>The proven BioSys control software is part of the scope of delivery of the Biochrom 30Plus. With this software all functions of the Biochrom 30Plus and also older Biochrom models can be controlled manually. The BioSys displays all parameters such as temperatures, pressures and switching states and detects errors in the system. Depending on their severity, error messages lead to corresponding reactions ranging from warning messages to the termination of the analysis.<\/p>\n<p>&nbsp;<\/p>\n<p>A program mode allows sample sequences to be processed automatically using different methods, which enables a 24\/7 routine without having to intervene much. The reagent management ensures that a warning is given before the buffer and reagent run out.<\/p>\n<p>&nbsp;<\/p>\n<p>An unlimited number of analysis programs can be programmed in the edit mode, which enables constant access to the most varied of analysis methods.<\/p>\n<p>&nbsp;<\/p>\n<p>The software is easy to install and set up. The BioSys is available in versions for the Windows 7 and Windows 10 operating systems with 32 and 64 bit.<\/p>\n\n\t\t<\/div>\n\t<\/div>\n<div class=\"gap\" style=\"line-height: 70px; height: 70px;\"><\/div><\/div><\/div><\/div><div class=\"wpb_column vc_column_container vc_col-sm-2\"><div class=\"vc_column-inner\"><div class=\"wpb_wrapper\"><\/div><\/div><\/div><\/div><div class=\"vc_row wpb_row vc_row-fluid\"><div class=\"wpb_column vc_column_container vc_col-sm-2\"><div class=\"vc_column-inner\"><div class=\"wpb_wrapper\"><\/div><\/div><\/div><div class=\"wpb_column vc_column_container vc_col-sm-8\"><div class=\"vc_column-inner\"><div class=\"wpb_wrapper\"><h2 style=\"font-size: 20px;color: #1e73be;text-align: left;font-family:Abril Fatface;font-weight:400;font-style:normal\" class=\"vc_custom_heading\" >CDS-Software namenhafter Hersteller verf\u00fcgbar<\/h2>\n\t<div class=\"wpb_text_column wpb_content_element\" >\n\t\t<div class=\"wpb_wrapper\">\n\t\t\t<p>Wir bieten zusammen mit dem Biochrom 30Plus beliebte und leistungsf\u00e4hige Datenaufnahme- und Auswertesoftware f\u00fcr die Chromatographie von namenhaften Herstellern. Analoge Signale aus dem Biochrom 30Plus werden mittels eines A\/D-Wandlers in digitale Signale konvertiert und der Software zugef\u00fchrt.<\/p>\n<p>Einige Highlights, die jede unserer angebotenen CDS-L\u00f6sungen hat:<\/p>\n<ul>\n<li>real multitasking,<\/li>\n<li>Evaluation while the analysis is running through additional offline mode,<\/li>\n<li>simplified method development with graphical interface,<\/li>\n<li>Method and sequence creation using wizards,<\/li>\n<li>Multi-level calibration for external and internal quantification,<\/li>\n<li>linear, quadratic, cubic and point-to-point calibration functions,<\/li>\n<li>Report formats can be defined by the user,<\/li>\n<li>various data import and export options,<\/li>\n<li>AIA standard file format,<\/li>\n<li>DDE dynamic data exchange,<\/li>\n<li>digital signature possible,<\/li>\n<li>Intuitive report generator enables you to create your own detailed reports<\/li>\n<li>System Suitability-Funktionen integriert oder optional,<\/li>\n<li>die jeweilige Software entspricht den FDA-Richtlinien 21 CFR Part 11 f\u00fcr die elektronische Signatur, Audittrail,<\/li>\n<li>User and data management,<\/li>\n<li>as well as validation.<\/li>\n<\/ul>\n\n\t\t<\/div>\n\t<\/div>\n<div class=\"gap\" style=\"line-height: 70px; height: 70px;\"><\/div><\/div><\/div><\/div><div class=\"wpb_column vc_column_container vc_col-sm-2\"><div class=\"vc_column-inner\"><div class=\"wpb_wrapper\"><\/div><\/div><\/div><\/div><div class=\"vc_row wpb_row vc_row-fluid\"><div class=\"wpb_column vc_column_container vc_col-sm-2\"><div class=\"vc_column-inner\"><div class=\"wpb_wrapper\"><\/div><\/div><\/div><div class=\"wpb_column vc_column_container vc_col-sm-8\"><div class=\"vc_column-inner\"><div class=\"wpb_wrapper\"><h2 style=\"font-size: 20px;color: #1e73be;text-align: left;font-family:Abril Fatface;font-weight:400;font-style:normal\" class=\"vc_custom_heading\" >Preiswerte Alternative CDS - Clarity von DataApex<\/h2>\n\t<div class=\"wpb_text_column wpb_content_element\" >\n\t\t<div class=\"wpb_wrapper\">\n\t\t\t<p>A cost-effective data acquisition and evaluation software that has everything that chromatography software needs and that does not have to hide behind the established market leaders. Analog signals from the Biochrom 30Plus are converted into digital signals using an A \/ D converter and fed to the software. You can find a brochure in PDF format <a href=\"https:\/\/laborservice-onken.de\/wp-content\/uploads\/2021\/02\/LSO-Clarity-Brochure.pdf\" target=\"_blank\" rel=\"noopener\"><u>here<\/u><\/a>. The most important highlights are:<\/p>\n<p>&nbsp;<\/p>\n<ul>\n<li>Access through password protection on three levels: user, supervisor, administrator with detailed adjustable authorizations.<\/li>\n<li>All regulations according to GLP and electronic signature according to 21 CFR Part 11 are met.<\/li>\n<li>Simple and intuitive operation under all current Microsoft \u2122 Windows operating systems.<\/li>\n<li>Clear presentation of the chromatograms and all associated parameters.<\/li>\n<li>Integration functions (chromatogram post-processing) via icons or tables.<\/li>\n<li>Saved changes to the data are documented (history).<\/li>\n<li>Thanks to the \"index card\" format, all windows are always in view.<\/li>\n<li>Types of display: single display, overlay, 3D display, enlarged sections.<\/li>\n<li>Largely free design of the results tables (for the individual chromatogram and for the combination of several measurements).<\/li>\n<li>Definition of your own table columns with mathematical functions possible<\/li>\n<li>Preview function makes it easier to find chromatograms in the file directory.<\/li>\n<li>Storage of the respective changes in the chromatogram (history)<\/li>\n<li>Backup function.<\/li>\n<li>Use in the network: Storage of measurement data on a central server and processing of chromatograms using the offline version on any other computer.<\/li>\n<li>Extensive calibration functions: normalization, external and internal standard, reference peak method.<\/li>\n<li>Graphical representation of the calibration curves or straight lines for each substance individually.<\/li>\n<li>Specification of the calculated correlation factor.<\/li>\n<li>Comprehensive but easy-to-use settings for printing.<\/li>\n<li>Different options for exporting chromatograms, results and program settings.<\/li>\n<li>Optional for a surcharge: SST module (System Suitability Test, e.g. information on limit values and mean values for each method).<\/li>\n<\/ul>\n\n\t\t<\/div>\n\t<\/div>\n<div class=\"gap\" style=\"line-height: 70px; height: 70px;\"><\/div><\/div><\/div><\/div><div class=\"wpb_column vc_column_container vc_col-sm-2\"><div class=\"vc_column-inner\"><div class=\"wpb_wrapper\"><\/div><\/div><\/div><\/div><div class=\"vc_row wpb_row vc_row-fluid\"><div class=\"wpb_column vc_column_container vc_col-sm-2\"><div class=\"vc_column-inner\"><div class=\"wpb_wrapper\"><\/div><\/div><\/div><div class=\"wpb_column vc_column_container vc_col-sm-8\"><div class=\"vc_column-inner\"><div class=\"wpb_wrapper\"><div class=\"gap\" style=\"line-height: 70px; height: 70px;\"><\/div><\/div><\/div><\/div><div class=\"wpb_column vc_column_container vc_col-sm-2\"><div class=\"vc_column-inner\"><div class=\"wpb_wrapper\"><\/div><\/div><\/div><\/div>\n<\/div>","protected":false},"excerpt":{"rendered":"<p>Softwarel\u00f6sungen Lizenzierte Software f\u00fcr die Steuerung und f\u00fcr die Datenaufnahme und -Auswertung mit allen Anforderungen an GMP und Normen. BioSys-Steuersoftware Ein Bestandteil des Lieferumfangs des Biochrom 30Plus ist die bew\u00e4hrte Steuersoftware BioSys. Mit dieser Software k\u00f6nnen alle Funktionen des Biochrom 30Plus und auch \u00e4ltere Biochrom-Modelle manuell kontrolliert werden. Die BioSys gibt alle Parameter, wie Temperaturen,&hellip;<\/p>","protected":false},"author":1,"featured_media":0,"parent":1436,"menu_order":0,"comment_status":"closed","ping_status":"closed","template":"","meta":{"footnotes":""},"class_list":["post-2430","page","type-page","status-publish","hentry","description-off"],"yoast_head":"<!-- This site is optimized with the Yoast SEO plugin v27.3 - https:\/\/yoast.com\/product\/yoast-seo-wordpress\/ -->\n<title>\/produkte\/aminosaeurenanalysator\/<\/title>\n<meta name=\"robots\" content=\"index, follow, max-snippet:-1, max-image-preview:large, max-video-preview:-1\" \/>\n<link rel=\"canonical\" href=\"https:\/\/laborservice-onken.de\/en\/produkte\/softwareloesungen\/\" \/>\n<meta property=\"og:locale\" content=\"en_US\" \/>\n<meta property=\"og:type\" content=\"article\" \/>\n<meta property=\"og:title\" content=\"\/produkte\/aminosaeurenanalysator\/\" \/>\n<meta property=\"og:url\" content=\"https:\/\/laborservice-onken.de\/en\/produkte\/softwareloesungen\/\" \/>\n<meta property=\"og:site_name\" content=\"Laborservice Onken GmbH\" \/>\n<meta property=\"article:modified_time\" content=\"2026-01-02T13:36:21+00:00\" \/>\n<meta name=\"twitter:label1\" content=\"Est. reading time\" \/>\n\t<meta name=\"twitter:data1\" content=\"4 minutes\" \/>\n<script type=\"application\/ld+json\" class=\"yoast-schema-graph\">{\"@context\":\"https:\\\/\\\/schema.org\",\"@graph\":[{\"@type\":\"WebPage\",\"@id\":\"https:\\\/\\\/laborservice-onken.de\\\/produkte\\\/softwareloesungen\\\/\",\"url\":\"https:\\\/\\\/laborservice-onken.de\\\/produkte\\\/softwareloesungen\\\/\",\"name\":\"\\\/produkte\\\/aminosaeurenanalysator\\\/\",\"isPartOf\":{\"@id\":\"https:\\\/\\\/laborservice-onken.de\\\/#website\"},\"datePublished\":\"2021-01-28T08:09:32+00:00\",\"dateModified\":\"2026-01-02T13:36:21+00:00\",\"breadcrumb\":{\"@id\":\"https:\\\/\\\/laborservice-onken.de\\\/produkte\\\/softwareloesungen\\\/#breadcrumb\"},\"inLanguage\":\"en-US\",\"potentialAction\":[{\"@type\":\"ReadAction\",\"target\":[\"https:\\\/\\\/laborservice-onken.de\\\/produkte\\\/softwareloesungen\\\/\"]}]},{\"@type\":\"BreadcrumbList\",\"@id\":\"https:\\\/\\\/laborservice-onken.de\\\/produkte\\\/softwareloesungen\\\/#breadcrumb\",\"itemListElement\":[{\"@type\":\"ListItem\",\"position\":1,\"name\":\"Startseite\",\"item\":\"https:\\\/\\\/laborservice-onken.de\\\/\"},{\"@type\":\"ListItem\",\"position\":2,\"name\":\"Produkte\",\"item\":\"https:\\\/\\\/laborservice-onken.de\\\/produkte\\\/\"},{\"@type\":\"ListItem\",\"position\":3,\"name\":\"Softwarel\u00f6sungen\"}]},{\"@type\":\"WebSite\",\"@id\":\"https:\\\/\\\/laborservice-onken.de\\\/#website\",\"url\":\"https:\\\/\\\/laborservice-onken.de\\\/\",\"name\":\"Laborservice Onken GmbH\",\"description\":\"Ihr Partner in der Aminos\u00e4urenanalytik\",\"publisher\":{\"@id\":\"https:\\\/\\\/laborservice-onken.de\\\/#organization\"},\"potentialAction\":[{\"@type\":\"SearchAction\",\"target\":{\"@type\":\"EntryPoint\",\"urlTemplate\":\"https:\\\/\\\/laborservice-onken.de\\\/?s={search_term_string}\"},\"query-input\":{\"@type\":\"PropertyValueSpecification\",\"valueRequired\":true,\"valueName\":\"search_term_string\"}}],\"inLanguage\":\"en-US\"},{\"@type\":\"Organization\",\"@id\":\"https:\\\/\\\/laborservice-onken.de\\\/#organization\",\"name\":\"Laborservice Onken GmbH\",\"url\":\"https:\\\/\\\/laborservice-onken.de\\\/\",\"logo\":{\"@type\":\"ImageObject\",\"inLanguage\":\"en-US\",\"@id\":\"https:\\\/\\\/laborservice-onken.de\\\/#\\\/schema\\\/logo\\\/image\\\/\",\"url\":\"https:\\\/\\\/laborservice-onken.de\\\/wp-content\\\/uploads\\\/2019\\\/02\\\/Logo_Textb.png\",\"contentUrl\":\"https:\\\/\\\/laborservice-onken.de\\\/wp-content\\\/uploads\\\/2019\\\/02\\\/Logo_Textb.png\",\"width\":586,\"height\":88,\"caption\":\"Laborservice Onken GmbH\"},\"image\":{\"@id\":\"https:\\\/\\\/laborservice-onken.de\\\/#\\\/schema\\\/logo\\\/image\\\/\"}}]}<\/script>\n<!-- \/ Yoast SEO plugin. -->","yoast_head_json":{"title":"\/produkte\/aminosaeurenanalysator\/","robots":{"index":"index","follow":"follow","max-snippet":"max-snippet:-1","max-image-preview":"max-image-preview:large","max-video-preview":"max-video-preview:-1"},"canonical":"https:\/\/laborservice-onken.de\/en\/produkte\/softwareloesungen\/","og_locale":"en_US","og_type":"article","og_title":"\/produkte\/aminosaeurenanalysator\/","og_url":"https:\/\/laborservice-onken.de\/en\/produkte\/softwareloesungen\/","og_site_name":"Laborservice Onken GmbH","article_modified_time":"2026-01-02T13:36:21+00:00","twitter_misc":{"Est. reading time":"4 minutes"},"schema":{"@context":"https:\/\/schema.org","@graph":[{"@type":"WebPage","@id":"https:\/\/laborservice-onken.de\/produkte\/softwareloesungen\/","url":"https:\/\/laborservice-onken.de\/produkte\/softwareloesungen\/","name":"\/produkte\/aminosaeurenanalysator\/","isPartOf":{"@id":"https:\/\/laborservice-onken.de\/#website"},"datePublished":"2021-01-28T08:09:32+00:00","dateModified":"2026-01-02T13:36:21+00:00","breadcrumb":{"@id":"https:\/\/laborservice-onken.de\/produkte\/softwareloesungen\/#breadcrumb"},"inLanguage":"en-US","potentialAction":[{"@type":"ReadAction","target":["https:\/\/laborservice-onken.de\/produkte\/softwareloesungen\/"]}]},{"@type":"BreadcrumbList","@id":"https:\/\/laborservice-onken.de\/produkte\/softwareloesungen\/#breadcrumb","itemListElement":[{"@type":"ListItem","position":1,"name":"Startseite","item":"https:\/\/laborservice-onken.de\/"},{"@type":"ListItem","position":2,"name":"Produkte","item":"https:\/\/laborservice-onken.de\/produkte\/"},{"@type":"ListItem","position":3,"name":"Softwarel\u00f6sungen"}]},{"@type":"WebSite","@id":"https:\/\/laborservice-onken.de\/#website","url":"https:\/\/laborservice-onken.de\/","name":"Laborservice Onken GmbH","description":"Your partner in amino acid analysis","publisher":{"@id":"https:\/\/laborservice-onken.de\/#organization"},"potentialAction":[{"@type":"SearchAction","target":{"@type":"EntryPoint","urlTemplate":"https:\/\/laborservice-onken.de\/?s={search_term_string}"},"query-input":{"@type":"PropertyValueSpecification","valueRequired":true,"valueName":"search_term_string"}}],"inLanguage":"en-US"},{"@type":"Organization","@id":"https:\/\/laborservice-onken.de\/#organization","name":"Laborservice Onken GmbH","url":"https:\/\/laborservice-onken.de\/","logo":{"@type":"ImageObject","inLanguage":"en-US","@id":"https:\/\/laborservice-onken.de\/#\/schema\/logo\/image\/","url":"https:\/\/laborservice-onken.de\/wp-content\/uploads\/2019\/02\/Logo_Textb.png","contentUrl":"https:\/\/laborservice-onken.de\/wp-content\/uploads\/2019\/02\/Logo_Textb.png","width":586,"height":88,"caption":"Laborservice Onken GmbH"},"image":{"@id":"https:\/\/laborservice-onken.de\/#\/schema\/logo\/image\/"}}]}},"_links":{"self":[{"href":"https:\/\/laborservice-onken.de\/en\/wp-json\/wp\/v2\/pages\/2430","targetHints":{"allow":["GET"]}}],"collection":[{"href":"https:\/\/laborservice-onken.de\/en\/wp-json\/wp\/v2\/pages"}],"about":[{"href":"https:\/\/laborservice-onken.de\/en\/wp-json\/wp\/v2\/types\/page"}],"author":[{"embeddable":true,"href":"https:\/\/laborservice-onken.de\/en\/wp-json\/wp\/v2\/users\/1"}],"replies":[{"embeddable":true,"href":"https:\/\/laborservice-onken.de\/en\/wp-json\/wp\/v2\/comments?post=2430"}],"version-history":[{"count":8,"href":"https:\/\/laborservice-onken.de\/en\/wp-json\/wp\/v2\/pages\/2430\/revisions"}],"predecessor-version":[{"id":2903,"href":"https:\/\/laborservice-onken.de\/en\/wp-json\/wp\/v2\/pages\/2430\/revisions\/2903"}],"up":[{"embeddable":true,"href":"https:\/\/laborservice-onken.de\/en\/wp-json\/wp\/v2\/pages\/1436"}],"wp:attachment":[{"href":"https:\/\/laborservice-onken.de\/en\/wp-json\/wp\/v2\/media?parent=2430"}],"curies":[{"name":"wp","href":"https:\/\/api.w.org\/{rel}","templated":true}]}}