{"id":2390,"date":"2021-01-27T08:14:09","date_gmt":"2021-01-27T08:14:09","guid":{"rendered":"http:\/\/laborservice-onken.de\/?page_id=2390"},"modified":"2025-03-27T10:09:42","modified_gmt":"2025-03-27T10:09:42","slug":"leistungen","status":"publish","type":"page","link":"https:\/\/laborservice-onken.de\/en\/leistungen\/","title":{"rendered":"Our services"},"content":{"rendered":"<div class=\"wpb-content-wrapper\"><div class=\"vc_row wpb_row vc_row-fluid\"><div class=\"wpb_column vc_column_container vc_col-sm-12\"><div class=\"vc_column-inner\"><div class=\"wpb_wrapper\">\n\t\t\t<!-- START Leistungen REVOLUTION SLIDER 6.6.16 --><p class=\"rs-p-wp-fix\"><\/p>\n\t\t\t<rs-module-wrap id=\"rev_slider_13_1_wrapper\" data-source=\"gallery\" style=\"visibility:hidden;background:transparent;padding:0;margin:0px auto;margin-top:0;margin-bottom:0;\">\n\t\t\t\t<rs-module id=\"rev_slider_13_1\" style=\"\" data-version=\"6.6.16\">\n\t\t\t\t\t<rs-slides style=\"overflow: hidden; position: absolute;\">\n\t\t\t\t\t\t<rs-slide style=\"position: absolute;\" data-key=\"rs-40\" data-title=\"Slide\" data-anim=\"adpr:false;\">\n\t\t\t\t\t\t\t<img decoding=\"async\" src=\"\/\/laborservice-onken.de\/wp-content\/plugins\/revslider\/public\/assets\/assets\/dummy.png\" alt=\"\" title=\"Leistungen\" class=\"rev-slidebg tp-rs-img rs-lazyload\" data-lazyload=\"\/\/laborservice-onken.de\/wp-content\/uploads\/2021\/01\/Hintergrund-Widescreen-aktuell-06.01.2015.bmp\" data-bg=\"p:center top;\" data-no-retina>\n<!--\n\t\t\t\t\t\t\t--><rs-layer\n\t\t\t\t\t\t\t\tid=\"slider-13-slide-40-layer-1\" \n\t\t\t\t\t\t\t\tdata-type=\"text\"\n\t\t\t\t\t\t\t\tdata-color=\"#ffffff\"\n\t\t\t\t\t\t\t\tdata-rsp_ch=\"on\"\n\t\t\t\t\t\t\t\tdata-xy=\"x:94px;y:131px;\"\n\t\t\t\t\t\t\t\tdata-text=\"s:60;l:60;fw:800;a:inherit;\"\n\t\t\t\t\t\t\t\tdata-frame_0=\"tp:600;\"\n\t\t\t\t\t\t\t\tdata-frame_1=\"tp:600;st:0;\"\n\t\t\t\t\t\t\t\tdata-frame_999=\"o:0;tp:600;st:w;sR:8700;\"\n\t\t\t\t\t\t\t\tstyle=\"z-index:5;font-family:'Open Sans';\"\n\t\t\t\t\t\t\t>Unsere Leistungen \n\t\t\t\t\t\t\t<\/rs-layer><!--\n-->\t\t\t\t\t\t<\/rs-slide>\n\t\t\t\t\t<\/rs-slides>\n\t\t\t\t<\/rs-module>\n\t\t\t\t<script>\n\t\t\t\t\tsetREVStartSize({c: 'rev_slider_13_1',rl:[1240,1024,778,480],el:[],gw:[1240],gh:[300],type:'hero',justify:'',layout:'fullwidth',mh:\"0\"});if (window.RS_MODULES!==undefined && window.RS_MODULES.modules!==undefined && window.RS_MODULES.modules[\"revslider131\"]!==undefined) {window.RS_MODULES.modules[\"revslider131\"].once = false;window.revapi13 = undefined;if (window.RS_MODULES.checkMinimal!==undefined) window.RS_MODULES.checkMinimal()}\n\t\t\t\t<\/script>\n\t\t\t<\/rs-module-wrap>\n\t\t\t<!-- END REVOLUTION SLIDER -->\n<\/div><\/div><\/div><\/div><div class=\"vc_row wpb_row vc_row-fluid\"><div class=\"wpb_column vc_column_container vc_col-sm-2\"><div class=\"vc_column-inner\"><div class=\"wpb_wrapper\"><\/div><\/div><\/div><div class=\"wpb_column vc_column_container vc_col-sm-8\"><div class=\"vc_column-inner\"><div class=\"wpb_wrapper\"><div class=\"gap\" style=\"line-height: 80px; height: 80px;\"><\/div>\n\t<div class=\"wpb_text_column wpb_content_element \" >\n\t\t<div class=\"wpb_wrapper\">\n\t\t\t<h2 style=\"text-align: center;\"><span style=\"color: #00ccff;\">Hier finden Sie eine \u00dcbersicht unserer zahlreichen Leistungen.<\/span><\/h2>\n\n\t\t<\/div>\n\t<\/div>\n<\/div><\/div><\/div><div class=\"wpb_column vc_column_container vc_col-sm-2\"><div class=\"vc_column-inner\"><div class=\"wpb_wrapper\"><\/div><\/div><\/div><\/div><div class=\"vc_row wpb_row vc_row-fluid\"><div class=\"wpb_column vc_column_container vc_col-sm-12\"><div class=\"vc_column-inner\"><div class=\"wpb_wrapper\"><div class=\"gap\" style=\"line-height: 50px; height: 50px;\"><\/div><\/div><\/div><\/div><\/div><div class=\"vc_row wpb_row vc_row-fluid\"><div class=\"wpb_column vc_column_container vc_col-sm-2\"><div class=\"vc_column-inner\"><div class=\"wpb_wrapper\"><\/div><\/div><\/div><div class=\"wpb_column vc_column_container vc_col-sm-8\"><div class=\"vc_column-inner\"><div class=\"wpb_wrapper\"><h2 style=\"font-size: 30px;color: #1e73be;text-align: left\" class=\"vc_custom_heading vc_custom_1611734996913\" >Vertrieb<\/h2>\n\t<div class=\"wpb_text_column wpb_content_element \" >\n\t\t<div class=\"wpb_wrapper\">\n\t\t\t<ul>\n<li>\n<div><span>Als exklusiver Handelspartner der Firma <a class=\"cm_anchor\" href=\"http:\/\/biochrom.co.uk\/category\/3\/amino-acid-analysis.html\" target=\"_blank\" rel=\"noopener noreferrer\">Biochrom Ltd.<\/a> in Cambridge, England vertreiben wir die Biochrom-Aminos\u00e4urenanalysatoren, das Zubeh\u00f6r, die Verbrauchsmaterialien sowie die Ersatzteile in Deutschland, \u00d6sterreich, der Schweiz, den Benelux-L\u00e4ndern und einigen osteurop\u00e4ischen L\u00e4ndern.<\/span><\/div>\n<\/li>\n<\/ul>\n<p>&nbsp;<\/p>\n<ul>\n<li><span>Ein gut durchdachtes Logistiksystem und ein reichhaltig best\u00fccktes Lager in Deutschland garantieren eine schnelle Lieferung aller Verbrauchsmaterialien, Ersatzteile und Zubeh\u00f6r.<\/span><\/li>\n<\/ul>\n<p>&nbsp;<\/p>\n<ul>\n<li><span>F\u00fcr \u00e4ltere Eppendorf-Biotronik Aminos\u00e4urenanalysatoren LC 3000 bevorraten wir zudem noch notwendigen Verbrauchsmaterialien, Ersatzteile und Zubeh\u00f6r, das wir weltweit an alle Anwender vertreiben.<\/span><\/li>\n<\/ul>\n<p><span>\u00a0<\/span><\/p>\n\n\t\t<\/div>\n\t<\/div>\n<\/div><\/div><\/div><div class=\"wpb_column vc_column_container vc_col-sm-2\"><div class=\"vc_column-inner\"><div class=\"wpb_wrapper\"><\/div><\/div><\/div><\/div><div class=\"vc_row wpb_row vc_row-fluid\"><div class=\"wpb_column vc_column_container vc_col-sm-12\"><div class=\"vc_column-inner\"><div class=\"wpb_wrapper\"><div class=\"gap\" style=\"line-height: 50px; height: 50px;\"><\/div><\/div><\/div><\/div><\/div><div class=\"vc_row wpb_row vc_row-fluid\"><div class=\"wpb_column vc_column_container vc_col-sm-2\"><div class=\"vc_column-inner\"><div class=\"wpb_wrapper\"><\/div><\/div><\/div><div class=\"wpb_column vc_column_container vc_col-sm-8\"><div class=\"vc_column-inner\"><div class=\"wpb_wrapper\"><h2 style=\"font-size: 30px;color: #1e73be;text-align: left\" class=\"vc_custom_heading vc_custom_1611735050692\" >Applikationen<\/h2>\n\t<div class=\"wpb_text_column wpb_content_element \" >\n\t\t<div class=\"wpb_wrapper\">\n\t\t\t<ul>\n<li><span>Wir bieten ihnen eine kostenfreie Unterst\u00fctzung in allen applikativen Fragen und Methodenentwicklung in unserem eigenen Applikationslabor oder vor Ort.<\/span><\/li>\n<\/ul>\n<p>&nbsp;<\/p>\n<ul>\n<li><span>Beratungen vor Ort, telefonisch, per E-Mail oder Fax durch erfahrene Mitarbeiter f\u00fcr unsere Kunden kostenfrei.<\/span><\/li>\n<\/ul>\n<p><span>\u00a0<\/span><\/p>\n\n\t\t<\/div>\n\t<\/div>\n<\/div><\/div><\/div><div class=\"wpb_column vc_column_container vc_col-sm-2\"><div class=\"vc_column-inner\"><div class=\"wpb_wrapper\"><\/div><\/div><\/div><\/div><div class=\"vc_row wpb_row vc_row-fluid\"><div class=\"wpb_column vc_column_container vc_col-sm-12\"><div class=\"vc_column-inner\"><div class=\"wpb_wrapper\"><div class=\"gap\" style=\"line-height: 50px; height: 50px;\"><\/div><\/div><\/div><\/div><\/div><div class=\"vc_row wpb_row vc_row-fluid\"><div class=\"wpb_column vc_column_container vc_col-sm-2\"><div class=\"vc_column-inner\"><div class=\"wpb_wrapper\"><\/div><\/div><\/div><div class=\"wpb_column vc_column_container vc_col-sm-8\"><div class=\"vc_column-inner\"><div class=\"wpb_wrapper\"><h2 style=\"font-size: 30px;color: #1e73be;text-align: left\" class=\"vc_custom_heading vc_custom_1611735084722\" >Schulungen<\/h2>\n\t<div class=\"wpb_text_column wpb_content_element \" >\n\t\t<div class=\"wpb_wrapper\">\n\t\t\t<ul>\n<li><span>Wir bieten unseren Kunden ein bis zweimal j\u00e4hrlich ein 2-t\u00e4giges Aminos\u00e4uren-Anwenderseminar zur Schulung in Bedienung und Wartungsarbeiten der Biochrom Aminos\u00e4urenanalysatoren.<\/span><\/li>\n<\/ul>\n<p>&nbsp;<\/p>\n<ul>\n<li><span>Die Seminare teilen sich auf in einen theoretischen und einem praktischen Teil.<\/span><\/li>\n<\/ul>\n<p>&nbsp;<\/p>\n<ul>\n<li><span>Die Seminare finden in kleinen Gruppen bis zu 8 Teilnehmer an geeigneten Seminarorten statt.<\/span><\/li>\n<\/ul>\n<p>&nbsp;<\/p>\n<ul>\n<li><span>Aktuelle Termine werden hier auch unserer Website ver\u00f6ffentlicht und k\u00f6nnen bei Bedarf\u00a0 zugeschickt werden. Der Versand dieser Informationen bedarf einer <a class=\"cm_anchor\" href=\"https:\/\/laborservice-onken.de\/kontakt\/\">Einverst\u00e4ndniserkl\u00e4rung<\/a>.<\/span><\/li>\n<\/ul>\n<p><span>\u00a0<\/span><\/p>\n\n\t\t<\/div>\n\t<\/div>\n<\/div><\/div><\/div><div class=\"wpb_column vc_column_container vc_col-sm-2\"><div class=\"vc_column-inner\"><div class=\"wpb_wrapper\"><\/div><\/div><\/div><\/div><div class=\"vc_row wpb_row vc_row-fluid\"><div class=\"wpb_column vc_column_container vc_col-sm-12\"><div class=\"vc_column-inner\"><div class=\"wpb_wrapper\"><div class=\"gap\" style=\"line-height: 50px; height: 50px;\"><\/div><\/div><\/div><\/div><\/div><div class=\"vc_row wpb_row vc_row-fluid\"><div class=\"wpb_column vc_column_container vc_col-sm-2\"><div class=\"vc_column-inner\"><div class=\"wpb_wrapper\"><\/div><\/div><\/div><div class=\"wpb_column vc_column_container vc_col-sm-8\"><div class=\"vc_column-inner\"><div class=\"wpb_wrapper\"><h2 style=\"font-size: 30px;color: #1e73be;text-align: left\" class=\"vc_custom_heading vc_custom_1611735119949\" >Service und Wartung<\/h2>\n\t<div class=\"wpb_text_column wpb_content_element \" >\n\t\t<div class=\"wpb_wrapper\">\n\t\t\t<ul>\n<li><span>Unser gut ausgebildetes und zertifiziertes Serviceteam garantiert einen schnellen, effektiven und preisg\u00fcnstigen Service vor Ort und in unserem Hause.<\/span><\/li>\n<\/ul>\n<p>&nbsp;<\/p>\n<ul>\n<li><span>Unser Angebot umfasst zudem auch die Durchf\u00fchrung pr\u00e4ventiver Wartungen nach einem festgelegten Leistungsverzeichnis.<\/span><\/li>\n<\/ul>\n<p>&nbsp;<\/p>\n<ul>\n<li><span>Wir bieten ebenfalls individuelle Wartungs- und Servicevertr\u00e4ge an.<\/span><\/li>\n<\/ul>\n<p>&nbsp;<\/p>\n<ul>\n<li><span>Dank der fl\u00e4chendeckenden, technischen Versorgung liegen unsere Reaktionszeiten weit unter 72 Stunden. <\/span><\/li>\n<\/ul>\n<p>&nbsp;<\/p>\n<ul>\n<li><span>Unser Team ist immer erreichbar und die erste Anlaufstelle bei technischen und applikativen Problemen.<\/span><\/li>\n<\/ul>\n<p>&nbsp;<\/p>\n<ul>\n<li><span>Klicken Sie <a class=\"cm_anchor\" href=\"https:\/\/laborservice-onken.de\/wp-content\/uploads\/2019\/03\/Wartungs-und-Servicevertr\u00e4ge-ohne-Preise.pdf\" target=\"_blank\" rel=\"noopener noreferrer\"><strong>hier<\/strong><\/a> f\u00fcr den Download einer detaillierten Auflistung unserer Wartungs- und Servicevertr\u00e4gen.<\/span><\/li>\n<\/ul>\n<p><span>\u00a0<\/span><\/p>\n\n\t\t<\/div>\n\t<\/div>\n<\/div><\/div><\/div><div class=\"wpb_column vc_column_container vc_col-sm-2\"><div class=\"vc_column-inner\"><div class=\"wpb_wrapper\"><\/div><\/div><\/div><\/div><div class=\"vc_row wpb_row vc_row-fluid\"><div class=\"wpb_column vc_column_container vc_col-sm-12\"><div class=\"vc_column-inner\"><div class=\"wpb_wrapper\"><div class=\"gap\" style=\"line-height: 50px; height: 50px;\"><\/div><\/div><\/div><\/div><\/div><div class=\"vc_row wpb_row vc_row-fluid\"><div class=\"wpb_column vc_column_container vc_col-sm-2\"><div class=\"vc_column-inner\"><div class=\"wpb_wrapper\"><\/div><\/div><\/div><div class=\"wpb_column vc_column_container vc_col-sm-8\"><div class=\"vc_column-inner\"><div class=\"wpb_wrapper\"><h2 style=\"font-size: 30px;color: #1e73be;text-align: left\" class=\"vc_custom_heading vc_custom_1611735153946\" >Qualit\u00e4tsmanagement<\/h2>\n\t<div class=\"wpb_text_column wpb_content_element \" >\n\t\t<div class=\"wpb_wrapper\">\n\t\t\t<ul>\n<li><span>Unser Unternehmen ist nach den neusten <a class=\"cm_anchor\" href=\"https:\/\/laborservice-onken.de\/wp-content\/uploads\/2025\/03\/Laborservice-Onken_Zertifikat_ISO-9001.pdf\" target=\"_blank\" rel=\"noopener noreferrer\">ISO-9001:2015 Standards<\/a> zertifiziert.<\/span><\/li>\n<\/ul>\n<p>&nbsp;<\/p>\n<ul>\n<li><span>Unsere Mitarbeiter sind geschult und vom Hersteller zertifiziert zur Durchf\u00fchrung von Installations- und Operationsqualifizierungen.<\/span><\/li>\n<\/ul>\n<p>&nbsp;<\/p>\n<ul>\n<li><span>F\u00fcr detailliertere Informationen zu den Installations- und Operationsqualifizierungen (IQOQ) bitte<strong> <a class=\"cm_anchor\" href=\"https:\/\/laborservice-onken.de\/wp-content\/uploads\/2019\/03\/IQ-OQ-Flyer.pdf\" target=\"_blank\" rel=\"noopener\">hier<\/a><\/strong> klicken.<\/span><\/li>\n<\/ul>\n\n\t\t<\/div>\n\t<\/div>\n<\/div><\/div><\/div><div class=\"wpb_column vc_column_container vc_col-sm-2\"><div class=\"vc_column-inner\"><div class=\"wpb_wrapper\"><\/div><\/div><\/div><\/div>\n<\/div>","protected":false},"excerpt":{"rendered":"<p>Hier finden Sie eine \u00dcbersicht unserer zahlreichen Leistungen. Vertrieb Als exklusiver Handelspartner der Firma Biochrom Ltd. in Cambridge, England vertreiben wir die Biochrom-Aminos\u00e4urenanalysatoren, das Zubeh\u00f6r, die Verbrauchsmaterialien sowie die Ersatzteile in Deutschland, \u00d6sterreich, der Schweiz, den Benelux-L\u00e4ndern und einigen osteurop\u00e4ischen L\u00e4ndern. &nbsp; Ein gut durchdachtes Logistiksystem und ein reichhaltig best\u00fccktes Lager in Deutschland garantieren eine&hellip;<\/p>","protected":false},"author":1,"featured_media":0,"parent":0,"menu_order":0,"comment_status":"closed","ping_status":"closed","template":"","meta":{"footnotes":""},"class_list":["post-2390","page","type-page","status-publish","hentry","description-off"],"yoast_head":"<!-- This site is optimized with the Yoast SEO plugin v27.4 - https:\/\/yoast.com\/product\/yoast-seo-wordpress\/ -->\n<title>Leistungen - Laborservice Onken GmbH<\/title>\n<meta name=\"robots\" content=\"index, follow, max-snippet:-1, max-image-preview:large, max-video-preview:-1\" \/>\n<link rel=\"canonical\" href=\"https:\/\/laborservice-onken.de\/en\/leistungen\/\" \/>\n<meta property=\"og:locale\" content=\"en_US\" \/>\n<meta property=\"og:type\" content=\"article\" \/>\n<meta property=\"og:title\" content=\"Leistungen - Laborservice Onken GmbH\" \/>\n<meta property=\"og:url\" content=\"https:\/\/laborservice-onken.de\/en\/leistungen\/\" \/>\n<meta property=\"og:site_name\" content=\"Laborservice Onken GmbH\" \/>\n<meta property=\"article:modified_time\" content=\"2025-03-27T10:09:42+00:00\" \/>\n<meta name=\"twitter:label1\" content=\"Est. reading time\" \/>\n\t<meta name=\"twitter:data1\" content=\"3 minutes\" \/>\n<script type=\"application\/ld+json\" class=\"yoast-schema-graph\">{\"@context\":\"https:\\\/\\\/schema.org\",\"@graph\":[{\"@type\":\"WebPage\",\"@id\":\"https:\\\/\\\/laborservice-onken.de\\\/leistungen\\\/\",\"url\":\"https:\\\/\\\/laborservice-onken.de\\\/leistungen\\\/\",\"name\":\"Leistungen - Laborservice Onken GmbH\",\"isPartOf\":{\"@id\":\"https:\\\/\\\/laborservice-onken.de\\\/#website\"},\"datePublished\":\"2021-01-27T08:14:09+00:00\",\"dateModified\":\"2025-03-27T10:09:42+00:00\",\"breadcrumb\":{\"@id\":\"https:\\\/\\\/laborservice-onken.de\\\/leistungen\\\/#breadcrumb\"},\"inLanguage\":\"en-US\",\"potentialAction\":[{\"@type\":\"ReadAction\",\"target\":[\"https:\\\/\\\/laborservice-onken.de\\\/leistungen\\\/\"]}]},{\"@type\":\"BreadcrumbList\",\"@id\":\"https:\\\/\\\/laborservice-onken.de\\\/leistungen\\\/#breadcrumb\",\"itemListElement\":[{\"@type\":\"ListItem\",\"position\":1,\"name\":\"Startseite\",\"item\":\"https:\\\/\\\/laborservice-onken.de\\\/\"},{\"@type\":\"ListItem\",\"position\":2,\"name\":\"Leistungen\"}]},{\"@type\":\"WebSite\",\"@id\":\"https:\\\/\\\/laborservice-onken.de\\\/#website\",\"url\":\"https:\\\/\\\/laborservice-onken.de\\\/\",\"name\":\"Laborservice Onken GmbH\",\"description\":\"Ihr Partner in der Aminos\u00e4urenanalytik\",\"publisher\":{\"@id\":\"https:\\\/\\\/laborservice-onken.de\\\/#organization\"},\"potentialAction\":[{\"@type\":\"SearchAction\",\"target\":{\"@type\":\"EntryPoint\",\"urlTemplate\":\"https:\\\/\\\/laborservice-onken.de\\\/?s={search_term_string}\"},\"query-input\":{\"@type\":\"PropertyValueSpecification\",\"valueRequired\":true,\"valueName\":\"search_term_string\"}}],\"inLanguage\":\"en-US\"},{\"@type\":\"Organization\",\"@id\":\"https:\\\/\\\/laborservice-onken.de\\\/#organization\",\"name\":\"Laborservice Onken GmbH\",\"url\":\"https:\\\/\\\/laborservice-onken.de\\\/\",\"logo\":{\"@type\":\"ImageObject\",\"inLanguage\":\"en-US\",\"@id\":\"https:\\\/\\\/laborservice-onken.de\\\/#\\\/schema\\\/logo\\\/image\\\/\",\"url\":\"https:\\\/\\\/laborservice-onken.de\\\/wp-content\\\/uploads\\\/2019\\\/02\\\/Logo_Textb.png\",\"contentUrl\":\"https:\\\/\\\/laborservice-onken.de\\\/wp-content\\\/uploads\\\/2019\\\/02\\\/Logo_Textb.png\",\"width\":586,\"height\":88,\"caption\":\"Laborservice Onken GmbH\"},\"image\":{\"@id\":\"https:\\\/\\\/laborservice-onken.de\\\/#\\\/schema\\\/logo\\\/image\\\/\"}}]}<\/script>\n<!-- \/ Yoast SEO plugin. -->","yoast_head_json":{"title":"Leistungen - Laborservice Onken GmbH","robots":{"index":"index","follow":"follow","max-snippet":"max-snippet:-1","max-image-preview":"max-image-preview:large","max-video-preview":"max-video-preview:-1"},"canonical":"https:\/\/laborservice-onken.de\/en\/leistungen\/","og_locale":"en_US","og_type":"article","og_title":"Leistungen - Laborservice Onken GmbH","og_url":"https:\/\/laborservice-onken.de\/en\/leistungen\/","og_site_name":"Laborservice Onken GmbH","article_modified_time":"2025-03-27T10:09:42+00:00","twitter_misc":{"Est. reading time":"3 minutes"},"schema":{"@context":"https:\/\/schema.org","@graph":[{"@type":"WebPage","@id":"https:\/\/laborservice-onken.de\/leistungen\/","url":"https:\/\/laborservice-onken.de\/leistungen\/","name":"Leistungen - Laborservice Onken GmbH","isPartOf":{"@id":"https:\/\/laborservice-onken.de\/#website"},"datePublished":"2021-01-27T08:14:09+00:00","dateModified":"2025-03-27T10:09:42+00:00","breadcrumb":{"@id":"https:\/\/laborservice-onken.de\/leistungen\/#breadcrumb"},"inLanguage":"en-US","potentialAction":[{"@type":"ReadAction","target":["https:\/\/laborservice-onken.de\/leistungen\/"]}]},{"@type":"BreadcrumbList","@id":"https:\/\/laborservice-onken.de\/leistungen\/#breadcrumb","itemListElement":[{"@type":"ListItem","position":1,"name":"Startseite","item":"https:\/\/laborservice-onken.de\/"},{"@type":"ListItem","position":2,"name":"Leistungen"}]},{"@type":"WebSite","@id":"https:\/\/laborservice-onken.de\/#website","url":"https:\/\/laborservice-onken.de\/","name":"Laborservice Onken GmbH","description":"Your partner in amino acid analysis","publisher":{"@id":"https:\/\/laborservice-onken.de\/#organization"},"potentialAction":[{"@type":"SearchAction","target":{"@type":"EntryPoint","urlTemplate":"https:\/\/laborservice-onken.de\/?s={search_term_string}"},"query-input":{"@type":"PropertyValueSpecification","valueRequired":true,"valueName":"search_term_string"}}],"inLanguage":"en-US"},{"@type":"Organization","@id":"https:\/\/laborservice-onken.de\/#organization","name":"Laborservice Onken GmbH","url":"https:\/\/laborservice-onken.de\/","logo":{"@type":"ImageObject","inLanguage":"en-US","@id":"https:\/\/laborservice-onken.de\/#\/schema\/logo\/image\/","url":"https:\/\/laborservice-onken.de\/wp-content\/uploads\/2019\/02\/Logo_Textb.png","contentUrl":"https:\/\/laborservice-onken.de\/wp-content\/uploads\/2019\/02\/Logo_Textb.png","width":586,"height":88,"caption":"Laborservice Onken GmbH"},"image":{"@id":"https:\/\/laborservice-onken.de\/#\/schema\/logo\/image\/"}}]}},"_links":{"self":[{"href":"https:\/\/laborservice-onken.de\/en\/wp-json\/wp\/v2\/pages\/2390","targetHints":{"allow":["GET"]}}],"collection":[{"href":"https:\/\/laborservice-onken.de\/en\/wp-json\/wp\/v2\/pages"}],"about":[{"href":"https:\/\/laborservice-onken.de\/en\/wp-json\/wp\/v2\/types\/page"}],"author":[{"embeddable":true,"href":"https:\/\/laborservice-onken.de\/en\/wp-json\/wp\/v2\/users\/1"}],"replies":[{"embeddable":true,"href":"https:\/\/laborservice-onken.de\/en\/wp-json\/wp\/v2\/comments?post=2390"}],"version-history":[{"count":10,"href":"https:\/\/laborservice-onken.de\/en\/wp-json\/wp\/v2\/pages\/2390\/revisions"}],"predecessor-version":[{"id":2865,"href":"https:\/\/laborservice-onken.de\/en\/wp-json\/wp\/v2\/pages\/2390\/revisions\/2865"}],"wp:attachment":[{"href":"https:\/\/laborservice-onken.de\/en\/wp-json\/wp\/v2\/media?parent=2390"}],"curies":[{"name":"wp","href":"https:\/\/api.w.org\/{rel}","templated":true}]}}