{"id":2089,"date":"2019-08-06T13:28:40","date_gmt":"2019-08-06T13:28:40","guid":{"rendered":"http:\/\/laborservice-onken.de\/?page_id=2089"},"modified":"2020-02-11T08:52:36","modified_gmt":"2020-02-11T08:52:36","slug":"fotowettbewerb","status":"publish","type":"page","link":"https:\/\/laborservice-onken.de\/en\/fotowettbewerb\/","title":{"rendered":"Photo competition"},"content":{"rendered":"<div class=\"wpb-content-wrapper\"><div class=\"vc_row wpb_row vc_row-fluid\"><div class=\"wpb_column vc_column_container vc_col-sm-8\"><div class=\"vc_column-inner\"><div class=\"wpb_wrapper\">[ultimate_ctation]Fotowettbewerb 2021[\/ultimate_ctation]\n\t<div class=\"wpb_text_column wpb_content_element \" >\n\t\t<div class=\"wpb_wrapper\">\n\t\t\t<p><span data-contrast=\"auto\">Unsere Aktion\u00a0<\/span><b><span data-contrast=\"auto\">\u201eBildkalender von unseren Kunden f\u00fcr unsere Kunden\u201c<\/span><\/b><span data-contrast=\"auto\">\u00a0war erfolgreich und das Ergebnis sehen Sie an dem beiliegenden\u00a0<\/span><span data-contrast=\"auto\">Exemplar, dass wir Ihnen hiermit als kleines Geschenk zum Jahresende \u00fcberreichen<\/span><span data-contrast=\"auto\">\u00a0m\u00f6chten<\/span><span data-contrast=\"auto\">.<\/span><span data-ccp-props=\"{}\">\u00a0<\/span><\/p>\n<p><span data-ccp-props=\"{}\">\u00a0<\/span><\/p>\n<p><span data-contrast=\"auto\">Da unsere Aktion so positiv angenommen wurde, m\u00f6chten wir diese im kommenden Jahr fortsetzen. Daher m\u00f6chten wir Sie\u00a0<\/span><span data-contrast=\"auto\">e<\/span><span data-contrast=\"auto\">inladen an unserer Aktion \u201eBildkalender von unseren Kunden f\u00fcr unsere Kunden\u201c wieder oder\u00a0<\/span><span data-contrast=\"auto\">auch\u00a0<\/span><span data-contrast=\"auto\">erstmalig teilzunehmen.<\/span><span data-ccp-props=\"{}\">\u00a0<\/span><\/p>\n<p><span data-ccp-props=\"{}\">\u00a0<\/span><\/p>\n<p><span data-contrast=\"auto\">Dazu ben\u00f6tigen wir\u00a0<\/span><span data-contrast=\"auto\">wieder<\/span><span data-contrast=\"auto\">\u00a0Bilder<\/span><span data-contrast=\"auto\">1)<\/span><span data-contrast=\"auto\">\u00a0von Ihnen, und zwar Bilder\u00a0<\/span><span data-contrast=\"auto\">der<\/span><span data-contrast=\"auto\">\u00a0Stadt oder\u00a0<\/span><span data-contrast=\"auto\">dem<\/span><span data-contrast=\"auto\">\u00a0Ort,\u00a0<\/span><span data-contrast=\"auto\">an\u00a0<\/span><span data-contrast=\"auto\">dem Sie leben und arbeiten.\u00a0<\/span><span data-contrast=\"auto\">Zuk\u00fcnftig<\/span><span data-contrast=\"auto\">\u00a0wollen wir eine kleine Beschreibung des Ortes zu jedem Bild hinzuf\u00fcgen<\/span><span data-contrast=\"auto\">.<\/span><span data-contrast=\"auto\">\u00a0<\/span><span data-contrast=\"auto\">D<\/span><span data-contrast=\"auto\">as bedeutet<\/span><span data-contrast=\"auto\">, dass wir\u00a0<\/span><span data-contrast=\"auto\">Ihr<\/span><span data-contrast=\"auto\">\u00a0Einverst\u00e4ndnis ben\u00f6tigen,\u00a0<\/span><span data-contrast=\"auto\">um\u00a0<\/span><span data-contrast=\"auto\">Ihren Namen und\u00a0<\/span><span data-contrast=\"auto\">den<\/span><span data-contrast=\"auto\">\u00a0<\/span><span data-contrast=\"auto\">fotografierten\u00a0<\/span><span data-contrast=\"auto\">Ort auf de<\/span><span data-contrast=\"auto\">m<\/span><span data-contrast=\"auto\">\u00a0Kalender drucken<\/span><span data-contrast=\"auto\">\u00a0zu d\u00fcrfen<\/span><span data-contrast=\"auto\">.<\/span><span data-ccp-props=\"{}\">\u00a0<\/span><\/p>\n<p><span data-ccp-props=\"{}\">\u00a0<\/span><span data-contrast=\"auto\"><\/span><span data-ccp-props=\"{}\"><\/span><\/p>\n<p><span data-contrast=\"auto\">Als kleines Dankesch\u00f6n erh\u00e4lt jeder\u00a0<\/span><span data-contrast=\"auto\">registrierte\u00a0<\/span><span data-contrast=\"auto\">Einsender<\/span><span data-contrast=\"auto\">\u00a0<\/span><span data-contrast=\"auto\">von uns eine Laborservice-Onken-Kaffeetasse aus der neusten Serie. Die 12 Bilder, die dann letztendlich auf den Bildkalender kommen, werden dann\u00a0<\/span><span data-contrast=\"auto\">zus\u00e4tzlich<\/span><span data-contrast=\"auto\">\u00a0mit einem ganz besonderen Dankesch\u00f6n pr\u00e4miert. Die Pr\u00e4mien werden<\/span><span data-contrast=\"auto\">\u00a0den 12 Gewinnern zum<\/span><span data-contrast=\"auto\">\u00a0<\/span><span data-contrast=\"auto\">Jahrese<\/span><span data-contrast=\"auto\">nde 2020\u00a0<\/span><span data-contrast=\"auto\">zu<\/span><span data-contrast=\"auto\">geschickt<\/span><span data-contrast=\"auto\">. Wenn Sie die Geschenke privat zugeschickt\u00a0<\/span><span data-contrast=\"auto\">bekommen<\/span><span data-contrast=\"auto\">\u00a0<\/span><span data-contrast=\"auto\">m\u00f6chten<\/span><span data-contrast=\"auto\">, geben Sie diese<\/span><span data-contrast=\"auto\">s<\/span><span data-contrast=\"auto\">\u00a0<\/span><span data-contrast=\"auto\">b<\/span><span data-contrast=\"auto\">itte\u00a0<\/span><span data-contrast=\"auto\">beim Hochladen der Bilder\u00a0<\/span><span data-contrast=\"auto\">mit an.<\/span><span data-ccp-props=\"{}\">\u00a0<\/span><\/p>\n<p><span data-ccp-props=\"{}\">\u00a0<\/span><\/p>\n<p><span data-contrast=\"auto\">Wir freuen uns auf\u00a0<\/span><span data-contrast=\"auto\">Ihre Zusendung und w\u00fcnschen Ihnen ein gesundes und erfolgreiches Jahr 2020.<\/span><span data-ccp-props=\"{}\">\u00a0<\/span><\/p>\n<p><span data-ccp-props=\"{}\">\u00a0<\/span><\/p>\n<p><span data-contrast=\"auto\">Mit freundlichen Gr\u00fc\u00dfen<\/span><span data-ccp-props=\"{}\">\u00a0<\/span><\/p>\n<p><span data-ccp-props=\"{}\">\u00a0<\/span><\/p>\n<p><span data-contrast=\"auto\">Ihr Team von Laborservice Onken GmbH<\/span><span data-ccp-props=\"{}\">\u00a0<\/span><\/p>\n<p><span data-ccp-props=\"{}\">\u00a0<\/span><\/p>\n<p><span data-ccp-props=\"{}\">\u00a0<\/span><\/p>\n<p><span data-contrast=\"auto\">1)\u00a0<\/span><span data-ccp-props=\"{}\">\u00a0<\/span><\/p>\n<p><span data-contrast=\"auto\">Die Bilder sollten\u00a0<\/span><span data-contrast=\"auto\">bei\u00a0<\/span><span data-contrast=\"auto\">eine<\/span><span data-contrast=\"auto\">r<\/span><span data-contrast=\"auto\">\u00a0Mindestaufl\u00f6sung von 300 dpi\u00a0<\/span><span data-contrast=\"auto\">und\u00a0<\/span><span data-contrast=\"auto\">der\u00a0<\/span><span data-contrast=\"auto\">Kalenderg<\/span><span data-contrast=\"auto\">r\u00f6\u00dfe von\u00a0<\/span><span data-contrast=\"auto\">4<\/span><span data-contrast=\"auto\">4<\/span><span data-contrast=\"auto\">0 mm x 406 mm einer Bildgr\u00f6\u00dfe von 4<\/span><span data-contrast=\"auto\">795<\/span><span data-contrast=\"auto\">\u00a0x\u00a0<\/span><span data-contrast=\"auto\">5197<\/span><span data-contrast=\"auto\">\u00a0Pixel (<\/span><span data-contrast=\"auto\">entspricht\u00a0<\/span><span data-contrast=\"auto\">2<\/span><span data-contrast=\"auto\">5<\/span><span data-contrast=\"auto\">\u00a0<\/span><span data-contrast=\"auto\">Mpx<\/span><span data-contrast=\"auto\">.<\/span><span data-contrast=\"auto\">)<\/span><span data-contrast=\"auto\">\u00a0haben.<\/span><span data-ccp-props=\"{}\">\u00a0<\/span><\/p>\n<p><span data-contrast=\"auto\">Einsendeschluss f\u00fcr den Bildkalender 2021 ist der 31. Juli 2020.<\/span><span data-ccp-props=\"{}\">\u00a0<\/span><\/p>\n\n\t\t<\/div>\n\t<\/div>\n<div class=\"vc_separator wpb_content_element vc_separator_align_center vc_sep_width_100 vc_sep_pos_align_center vc_separator_no_text vc_sep_color_grey\" ><span class=\"vc_sep_holder vc_sep_holder_l\"><span class=\"vc_sep_line\"><\/span><\/span><span class=\"vc_sep_holder vc_sep_holder_r\"><span class=\"vc_sep_line\"><\/span><\/span>\n<\/div><p class=\"wpcf7-contact-form-not-found\"><strong>Error:<\/strong> Contact form not found.<\/p><div class=\"vc_separator wpb_content_element vc_separator_align_center vc_sep_width_100 vc_sep_pos_align_center vc_separator_no_text vc_sep_color_grey\" ><span class=\"vc_sep_holder vc_sep_holder_l\"><span class=\"vc_sep_line\"><\/span><\/span><span class=\"vc_sep_holder vc_sep_holder_r\"><span class=\"vc_sep_line\"><\/span><\/span>\n<\/div>\n\t<div class=\"wpb_text_column wpb_content_element \" >\n\t\t<div class=\"wpb_wrapper\">\n\t\t\t<p><em>G\u00fcltig sind Bilder mit den Dateiformaten: jpeg\/jpg\/gif und png.<\/em><\/p>\n<p><em>Die Bilder d\u00fcrfen eine Maximalgr\u00f6\u00dfe von 10mb haben und sollten eine gute Bildqualit\u00e4t besitzen.<\/em><\/p>\n<p><em>Auf den Bildern werden die Namen der Stadt, sowie der Einsender ersichtlich sein.<\/em><\/p>\n\n\t\t<\/div>\n\t<\/div>\n<\/div><\/div><\/div><div class=\"wpb_column vc_column_container vc_col-sm-4\"><div class=\"vc_column-inner\"><div class=\"wpb_wrapper\"><div class=\"vc_empty_space\"   style=\"height: 360px\"><span class=\"vc_empty_space_inner\"><\/span><\/div><style type=\"text\/css\" data-type=\"the7_shortcodes-inline-css\">.shortcode-single-image-wrap.shortcode-single-image-ddedc7d225589428be8e96c7f828f8be.enable-bg-rollover .rollover i,\n.shortcode-single-image-wrap.shortcode-single-image-ddedc7d225589428be8e96c7f828f8be.enable-bg-rollover .rollover-video i {\n  background: -webkit-linear-gradient();\n  background: linear-gradient();\n}\n.shortcode-single-image-wrap.shortcode-single-image-ddedc7d225589428be8e96c7f828f8be .rollover-icon {\n  font-size: 32px;\n  color: #ffffff;\n  min-width: 44px;\n  min-height: 44px;\n  line-height: 44px;\n  border-radius: 100px;\n  border-style: solid;\n  border-width: 0px;\n}\n.dt-icon-bg-on.shortcode-single-image-wrap.shortcode-single-image-ddedc7d225589428be8e96c7f828f8be .rollover-icon {\n  background: rgba(255,255,255,0.3);\n  box-shadow: none;\n}\n<\/style><div class=\"shortcode-single-image-wrap shortcode-single-image-ddedc7d225589428be8e96c7f828f8be alignnone  enable-bg-rollover dt-icon-bg-off\" style=\"margin-top:0px; margin-bottom:0px; margin-left:0px; margin-right:0px; width:500px;\"><div class=\"shortcode-single-image\"><div class=\"fancy-media-wrap  layzr-bg\" style=\"\"><img fetchpriority=\"high\" decoding=\"async\" class=\"preload-me lazy-load aspect\" src=\"data:image\/svg+xml,%3Csvg%20xmlns%3D&#39;http%3A%2F%2Fwww.w3.org%2F2000%2Fsvg&#39;%20viewBox%3D&#39;0%200%20431%20388&#39;%2F%3E\" data-src=\"https:\/\/laborservice-onken.de\/wp-content\/uploads\/2019\/08\/Tasse-Arginin.jpg\" data-srcset=\"https:\/\/laborservice-onken.de\/wp-content\/uploads\/2019\/08\/Tasse-Arginin.jpg 431w\" loading=\"eager\" sizes=\"(max-width: 431px) 100vw, 431px\" width=\"431\" height=\"388\"  data-dt-location=\"https:\/\/laborservice-onken.de\/en\/fotowettbewerb\/tasse-arginin\/\" style=\"--ratio: 431 \/ 388;\" alt=\"\" \/><\/div><\/div><\/div>\n\t<div class=\"wpb_text_column wpb_content_element \" >\n\t\t<div class=\"wpb_wrapper\">\n\t\t\t<p>(Beispielbild unserer 2020er Serie)<\/p>\n\n\t\t<\/div>\n\t<\/div>\n<\/div><\/div><\/div><\/div><div class=\"vc_row wpb_row vc_row-fluid\"><div class=\"wpb_column vc_column_container vc_col-sm-12\"><div class=\"vc_column-inner\"><div class=\"wpb_wrapper\"><\/div><\/div><\/div><\/div>\n<\/div>","protected":false},"excerpt":{"rendered":"<p>[ultimate_ctation]Fotowettbewerb 2021[\/ultimate_ctation] Unsere Aktion\u00a0\u201eBildkalender von unseren Kunden f\u00fcr unsere Kunden\u201c\u00a0war erfolgreich und das Ergebnis sehen Sie an dem beiliegenden\u00a0Exemplar, dass wir Ihnen hiermit als kleines Geschenk zum Jahresende \u00fcberreichen\u00a0m\u00f6chten.\u00a0 \u00a0 Da unsere Aktion so positiv angenommen wurde, m\u00f6chten wir diese im kommenden Jahr fortsetzen. Daher m\u00f6chten wir Sie\u00a0einladen an unserer Aktion \u201eBildkalender von unseren Kunden&hellip;<\/p>\n","protected":false},"author":1,"featured_media":0,"parent":0,"menu_order":0,"comment_status":"closed","ping_status":"closed","template":"","meta":{"footnotes":""},"class_list":["post-2089","page","type-page","status-publish","hentry","description-off"],"yoast_head":"<!-- This site is optimized with the Yoast SEO plugin v27.4 - https:\/\/yoast.com\/product\/yoast-seo-wordpress\/ -->\n<title>Fotowettbewerb - Laborservice Onken GmbH<\/title>\n<meta name=\"robots\" content=\"index, follow, max-snippet:-1, max-image-preview:large, max-video-preview:-1\" \/>\n<link rel=\"canonical\" href=\"https:\/\/laborservice-onken.de\/en\/fotowettbewerb\/\" \/>\n<meta property=\"og:locale\" content=\"en_US\" \/>\n<meta property=\"og:type\" content=\"article\" \/>\n<meta property=\"og:title\" content=\"Fotowettbewerb - Laborservice Onken GmbH\" \/>\n<meta property=\"og:url\" content=\"https:\/\/laborservice-onken.de\/en\/fotowettbewerb\/\" \/>\n<meta property=\"og:site_name\" content=\"Laborservice Onken GmbH\" \/>\n<meta property=\"article:modified_time\" content=\"2020-02-11T08:52:36+00:00\" \/>\n<meta name=\"twitter:label1\" content=\"Est. reading time\" \/>\n\t<meta name=\"twitter:data1\" content=\"2 minutes\" \/>\n<script type=\"application\/ld+json\" class=\"yoast-schema-graph\">{\"@context\":\"https:\\\/\\\/schema.org\",\"@graph\":[{\"@type\":\"WebPage\",\"@id\":\"https:\\\/\\\/laborservice-onken.de\\\/fotowettbewerb\\\/\",\"url\":\"https:\\\/\\\/laborservice-onken.de\\\/fotowettbewerb\\\/\",\"name\":\"Fotowettbewerb - Laborservice Onken GmbH\",\"isPartOf\":{\"@id\":\"https:\\\/\\\/laborservice-onken.de\\\/#website\"},\"datePublished\":\"2019-08-06T13:28:40+00:00\",\"dateModified\":\"2020-02-11T08:52:36+00:00\",\"breadcrumb\":{\"@id\":\"https:\\\/\\\/laborservice-onken.de\\\/fotowettbewerb\\\/#breadcrumb\"},\"inLanguage\":\"en-US\",\"potentialAction\":[{\"@type\":\"ReadAction\",\"target\":[\"https:\\\/\\\/laborservice-onken.de\\\/fotowettbewerb\\\/\"]}]},{\"@type\":\"BreadcrumbList\",\"@id\":\"https:\\\/\\\/laborservice-onken.de\\\/fotowettbewerb\\\/#breadcrumb\",\"itemListElement\":[{\"@type\":\"ListItem\",\"position\":1,\"name\":\"Startseite\",\"item\":\"https:\\\/\\\/laborservice-onken.de\\\/\"},{\"@type\":\"ListItem\",\"position\":2,\"name\":\"Fotowettbewerb\"}]},{\"@type\":\"WebSite\",\"@id\":\"https:\\\/\\\/laborservice-onken.de\\\/#website\",\"url\":\"https:\\\/\\\/laborservice-onken.de\\\/\",\"name\":\"Laborservice Onken GmbH\",\"description\":\"Ihr Partner in der Aminos\u00e4urenanalytik\",\"publisher\":{\"@id\":\"https:\\\/\\\/laborservice-onken.de\\\/#organization\"},\"potentialAction\":[{\"@type\":\"SearchAction\",\"target\":{\"@type\":\"EntryPoint\",\"urlTemplate\":\"https:\\\/\\\/laborservice-onken.de\\\/?s={search_term_string}\"},\"query-input\":{\"@type\":\"PropertyValueSpecification\",\"valueRequired\":true,\"valueName\":\"search_term_string\"}}],\"inLanguage\":\"en-US\"},{\"@type\":\"Organization\",\"@id\":\"https:\\\/\\\/laborservice-onken.de\\\/#organization\",\"name\":\"Laborservice Onken GmbH\",\"url\":\"https:\\\/\\\/laborservice-onken.de\\\/\",\"logo\":{\"@type\":\"ImageObject\",\"inLanguage\":\"en-US\",\"@id\":\"https:\\\/\\\/laborservice-onken.de\\\/#\\\/schema\\\/logo\\\/image\\\/\",\"url\":\"https:\\\/\\\/laborservice-onken.de\\\/wp-content\\\/uploads\\\/2019\\\/02\\\/Logo_Textb.png\",\"contentUrl\":\"https:\\\/\\\/laborservice-onken.de\\\/wp-content\\\/uploads\\\/2019\\\/02\\\/Logo_Textb.png\",\"width\":586,\"height\":88,\"caption\":\"Laborservice Onken GmbH\"},\"image\":{\"@id\":\"https:\\\/\\\/laborservice-onken.de\\\/#\\\/schema\\\/logo\\\/image\\\/\"}}]}<\/script>\n<!-- \/ Yoast SEO plugin. -->","yoast_head_json":{"title":"Fotowettbewerb - Laborservice Onken GmbH","robots":{"index":"index","follow":"follow","max-snippet":"max-snippet:-1","max-image-preview":"max-image-preview:large","max-video-preview":"max-video-preview:-1"},"canonical":"https:\/\/laborservice-onken.de\/en\/fotowettbewerb\/","og_locale":"en_US","og_type":"article","og_title":"Fotowettbewerb - Laborservice Onken GmbH","og_url":"https:\/\/laborservice-onken.de\/en\/fotowettbewerb\/","og_site_name":"Laborservice Onken GmbH","article_modified_time":"2020-02-11T08:52:36+00:00","twitter_misc":{"Est. reading time":"2 minutes"},"schema":{"@context":"https:\/\/schema.org","@graph":[{"@type":"WebPage","@id":"https:\/\/laborservice-onken.de\/fotowettbewerb\/","url":"https:\/\/laborservice-onken.de\/fotowettbewerb\/","name":"Fotowettbewerb - Laborservice Onken GmbH","isPartOf":{"@id":"https:\/\/laborservice-onken.de\/#website"},"datePublished":"2019-08-06T13:28:40+00:00","dateModified":"2020-02-11T08:52:36+00:00","breadcrumb":{"@id":"https:\/\/laborservice-onken.de\/fotowettbewerb\/#breadcrumb"},"inLanguage":"en-US","potentialAction":[{"@type":"ReadAction","target":["https:\/\/laborservice-onken.de\/fotowettbewerb\/"]}]},{"@type":"BreadcrumbList","@id":"https:\/\/laborservice-onken.de\/fotowettbewerb\/#breadcrumb","itemListElement":[{"@type":"ListItem","position":1,"name":"Startseite","item":"https:\/\/laborservice-onken.de\/"},{"@type":"ListItem","position":2,"name":"Fotowettbewerb"}]},{"@type":"WebSite","@id":"https:\/\/laborservice-onken.de\/#website","url":"https:\/\/laborservice-onken.de\/","name":"Laborservice Onken GmbH","description":"Your partner in amino acid analysis","publisher":{"@id":"https:\/\/laborservice-onken.de\/#organization"},"potentialAction":[{"@type":"SearchAction","target":{"@type":"EntryPoint","urlTemplate":"https:\/\/laborservice-onken.de\/?s={search_term_string}"},"query-input":{"@type":"PropertyValueSpecification","valueRequired":true,"valueName":"search_term_string"}}],"inLanguage":"en-US"},{"@type":"Organization","@id":"https:\/\/laborservice-onken.de\/#organization","name":"Laborservice Onken GmbH","url":"https:\/\/laborservice-onken.de\/","logo":{"@type":"ImageObject","inLanguage":"en-US","@id":"https:\/\/laborservice-onken.de\/#\/schema\/logo\/image\/","url":"https:\/\/laborservice-onken.de\/wp-content\/uploads\/2019\/02\/Logo_Textb.png","contentUrl":"https:\/\/laborservice-onken.de\/wp-content\/uploads\/2019\/02\/Logo_Textb.png","width":586,"height":88,"caption":"Laborservice Onken GmbH"},"image":{"@id":"https:\/\/laborservice-onken.de\/#\/schema\/logo\/image\/"}}]}},"_links":{"self":[{"href":"https:\/\/laborservice-onken.de\/en\/wp-json\/wp\/v2\/pages\/2089","targetHints":{"allow":["GET"]}}],"collection":[{"href":"https:\/\/laborservice-onken.de\/en\/wp-json\/wp\/v2\/pages"}],"about":[{"href":"https:\/\/laborservice-onken.de\/en\/wp-json\/wp\/v2\/types\/page"}],"author":[{"embeddable":true,"href":"https:\/\/laborservice-onken.de\/en\/wp-json\/wp\/v2\/users\/1"}],"replies":[{"embeddable":true,"href":"https:\/\/laborservice-onken.de\/en\/wp-json\/wp\/v2\/comments?post=2089"}],"version-history":[{"count":0,"href":"https:\/\/laborservice-onken.de\/en\/wp-json\/wp\/v2\/pages\/2089\/revisions"}],"wp:attachment":[{"href":"https:\/\/laborservice-onken.de\/en\/wp-json\/wp\/v2\/media?parent=2089"}],"curies":[{"name":"wp","href":"https:\/\/api.w.org\/{rel}","templated":true}]}}