{"id":1931,"date":"2019-03-13T12:56:28","date_gmt":"2019-03-13T12:56:28","guid":{"rendered":"https:\/\/laborservice-onken.de\/?page_id=1931"},"modified":"2019-03-13T14:35:51","modified_gmt":"2019-03-13T14:35:51","slug":"physiologische-aminosaeuren","status":"publish","type":"page","link":"https:\/\/laborservice-onken.de\/en\/produkte\/physiologische-aminosaeuren\/","title":{"rendered":"Physiological amino acids"},"content":{"rendered":"<div class=\"wpb-content-wrapper\"><div class=\"vc_row wpb_row vc_row-fluid\"><div class=\"wpb_column vc_column_container vc_col-sm-8\"><div class=\"vc_column-inner\"><div class=\"wpb_wrapper\">[ultimate_heading main_heading=&#8220;Physiologische Aminos\u00e4uren&#8220; heading_tag=&#8220;h1&#8243; alignment=&#8220;right&#8220;][\/ultimate_heading]\n\t<div  class=\"wpb_single_image wpb_content_element vc_align_left\">\n\t\t\n\t\t<figure class=\"wpb_wrapper vc_figure\">\n\t\t\t<a href=\"https:\/\/laborservice-onken.de\/wp-content\/uploads\/2019\/02\/0001-2-1024x724.jpg\" target=\"_blank\"  class=\"vc_single_image-wrapper   vc_box_border_grey rollover\" data-large_image_width=\"1024\" data-large_image_height = \"724\"     ><img loading=\"lazy\" decoding=\"async\" width=\"3509\" height=\"2480\" src=\"https:\/\/laborservice-onken.de\/wp-content\/uploads\/2019\/02\/0001-2.jpg\" class=\"vc_single_image-img attachment-full\" alt=\"\" title=\"1\" srcset=\"https:\/\/laborservice-onken.de\/wp-content\/uploads\/2019\/02\/0001-2.jpg 3509w, https:\/\/laborservice-onken.de\/wp-content\/uploads\/2019\/02\/0001-2-300x212.jpg 300w, https:\/\/laborservice-onken.de\/wp-content\/uploads\/2019\/02\/0001-2-768x543.jpg 768w, https:\/\/laborservice-onken.de\/wp-content\/uploads\/2019\/02\/0001-2-1024x724.jpg 1024w\" sizes=\"auto, (max-width: 3509px) 100vw, 3509px\"  data-dt-location=\"https:\/\/laborservice-onken.de\/en\/produkte\/0001-3\/\" \/><\/a>\n\t\t<\/figure>\n\t<\/div>\n\n\t<div class=\"wpb_text_column wpb_content_element \" >\n\t\t<div class=\"wpb_wrapper\">\n\t\t\t<p><strong>Aminos\u00e4uren-Kalibrationsstandards<\/strong><\/p>\n<p><span>Aminos\u00e4uren-Kalibrationsstandards sind f\u00fcr die Identifikation, ebenso f\u00fcr die Quantifizierung der Aminos\u00e4uren in den Proben, der wichtigste Teil des analytischen Prozesses.\u00a0<\/span> <span>Wir bieten deshalb physiologische Aminos\u00e4uren-Kalibrationsstandards an, welche in enger Abstimmung mit dem Bedarf unserer Kunden erstellt wurden.<\/span><\/p>\n\n\t\t<\/div>\n\t<\/div>\n<\/div><\/div><\/div><div class=\"wpb_column vc_column_container vc_col-sm-4\"><div class=\"vc_column-inner\"><div class=\"wpb_wrapper\"><div class=\"vc_empty_space\"   style=\"height: 100px\"><span class=\"vc_empty_space_inner\"><\/span><\/div>\n\t<div class=\"wpb_text_column wpb_content_element \" >\n\t\t<div class=\"wpb_wrapper\">\n\t\t\t<p><span>Untersuchungen von Stoffwechselst\u00f6rungen mit mehr als 42 klinisch signifikanten Aminos\u00e4uren und deren Derivate ist eine wesentliche und komplexe Aufgabe im klinischen Bereich. Klinischen Diagnosen und \u00dcberwachungen von angeborenen Stoffwechselst\u00f6rungen bedarf ein zuverl\u00e4ssiges Analysesystem, dass eindeutige und schnelle Ergebnisse liefert.\u00a0<\/span><\/p>\n<p><span>Der Biochrom 30Plus ist der neuste klassische Aminos\u00e4urenanalysator, der in vielen Referenzlaboratorien, Krankenh\u00e4usern und der Pharmaindustrie weltweit eingesetzt wird. Das Ger\u00e4t erm\u00f6glicht Anwendern, Aminos\u00e4uren und deren Derivate in komplexen physiologischen Proben sowohl f\u00fcr die In-Vitro-Diagnostik, wie auch der Forschung eindeutig zu identifizieren und exakt zu quantifizieren.<\/span><\/p>\n<p><span>Der Biochrom 30Plus ist in der Lage bis zu 56 physiologische Aminos\u00e4uren, deren Derivate und andere Verbindungen in biologischen Fl\u00fcssigkeiten nachzuweisen. Dieses schlie\u00dft seltene Aminos\u00e4uren, wie Alloisoleucin, Sulfocystein und Argininbernsteins\u00e4ure mit ein. Es ist nicht nur eine exakte Bestimmung der Aminos\u00e4uren anhand der stabilen Retentionszeiten (Cv. &lt;0,5%) m\u00f6glich, sondern auch eine sichere und exakte Quantifizierung. Dies gibt eine hohe Sicherheit bei der Diagnose der verschiedenen Stoffwechselst\u00f6rungen und bei der korrekten Therapie von Patienten.<\/span><\/p>\n<p>&nbsp;<\/p>\n<p><a id=\"widgetanchor_STRATP_cm4all_com_widgets_Separator_15917863\" name=\"STRATP_cm4all_com_widgets_Separator_15917863\"><\/a><\/p>\n<div id=\"widgetcontainer_STRATP_cm4all_com_widgets_Separator_15917863\" class=\"cm_widget_block cm_widget cm4all_com_widgets_Separator cm_widget_block_center cm-pixel-large cm-pixel-xlarge\">\n<div>\n<div><\/div>\n<\/div>\n<\/div>\n\n\t\t<\/div>\n\t<\/div>\n<\/div><\/div><\/div><\/div>\n<\/div>","protected":false},"excerpt":{"rendered":"<p>[ultimate_heading main_heading=&#8220;Physiologische Aminos\u00e4uren&#8220; heading_tag=&#8220;h1&#8243; alignment=&#8220;right&#8220;][\/ultimate_heading] Aminos\u00e4uren-Kalibrationsstandards Aminos\u00e4uren-Kalibrationsstandards sind f\u00fcr die Identifikation, ebenso f\u00fcr die Quantifizierung der Aminos\u00e4uren in den Proben, der wichtigste Teil des analytischen Prozesses.\u00a0 Wir bieten deshalb physiologische Aminos\u00e4uren-Kalibrationsstandards an, welche in enger Abstimmung mit dem Bedarf unserer Kunden erstellt wurden. Untersuchungen von Stoffwechselst\u00f6rungen mit mehr als 42 klinisch signifikanten Aminos\u00e4uren und deren&hellip;<\/p>\n","protected":false},"author":1,"featured_media":0,"parent":1436,"menu_order":0,"comment_status":"closed","ping_status":"closed","template":"","meta":{"footnotes":""},"class_list":["post-1931","page","type-page","status-publish","hentry","description-off"],"yoast_head":"<!-- This site is optimized with the Yoast SEO plugin v27.5 - https:\/\/yoast.com\/product\/yoast-seo-wordpress\/ -->\n<title>Physiologische Aminos\u00e4uren - Laborservice Onken GmbH<\/title>\n<meta name=\"robots\" content=\"index, follow, max-snippet:-1, max-image-preview:large, max-video-preview:-1\" \/>\n<link rel=\"canonical\" href=\"https:\/\/laborservice-onken.de\/en\/produkte\/physiologische-aminosaeuren\/\" \/>\n<meta property=\"og:locale\" content=\"en_US\" \/>\n<meta property=\"og:type\" content=\"article\" \/>\n<meta property=\"og:title\" content=\"Physiologische Aminos\u00e4uren - Laborservice Onken GmbH\" \/>\n<meta property=\"og:url\" content=\"https:\/\/laborservice-onken.de\/en\/produkte\/physiologische-aminosaeuren\/\" \/>\n<meta property=\"og:site_name\" content=\"Laborservice Onken GmbH\" \/>\n<meta property=\"article:modified_time\" content=\"2019-03-13T14:35:51+00:00\" \/>\n<meta name=\"twitter:label1\" content=\"Est. reading time\" \/>\n\t<meta name=\"twitter:data1\" content=\"1 minute\" \/>\n<script type=\"application\/ld+json\" class=\"yoast-schema-graph\">{\"@context\":\"https:\\\/\\\/schema.org\",\"@graph\":[{\"@type\":\"WebPage\",\"@id\":\"https:\\\/\\\/laborservice-onken.de\\\/produkte\\\/physiologische-aminosaeuren\\\/\",\"url\":\"https:\\\/\\\/laborservice-onken.de\\\/produkte\\\/physiologische-aminosaeuren\\\/\",\"name\":\"Physiologische Aminos\u00e4uren - Laborservice Onken GmbH\",\"isPartOf\":{\"@id\":\"https:\\\/\\\/laborservice-onken.de\\\/#website\"},\"datePublished\":\"2019-03-13T12:56:28+00:00\",\"dateModified\":\"2019-03-13T14:35:51+00:00\",\"breadcrumb\":{\"@id\":\"https:\\\/\\\/laborservice-onken.de\\\/produkte\\\/physiologische-aminosaeuren\\\/#breadcrumb\"},\"inLanguage\":\"en-US\",\"potentialAction\":[{\"@type\":\"ReadAction\",\"target\":[\"https:\\\/\\\/laborservice-onken.de\\\/produkte\\\/physiologische-aminosaeuren\\\/\"]}]},{\"@type\":\"BreadcrumbList\",\"@id\":\"https:\\\/\\\/laborservice-onken.de\\\/produkte\\\/physiologische-aminosaeuren\\\/#breadcrumb\",\"itemListElement\":[{\"@type\":\"ListItem\",\"position\":1,\"name\":\"Startseite\",\"item\":\"https:\\\/\\\/laborservice-onken.de\\\/\"},{\"@type\":\"ListItem\",\"position\":2,\"name\":\"Produkte\",\"item\":\"https:\\\/\\\/laborservice-onken.de\\\/produkte\\\/\"},{\"@type\":\"ListItem\",\"position\":3,\"name\":\"Physiologische Aminos\u00e4uren\"}]},{\"@type\":\"WebSite\",\"@id\":\"https:\\\/\\\/laborservice-onken.de\\\/#website\",\"url\":\"https:\\\/\\\/laborservice-onken.de\\\/\",\"name\":\"Laborservice Onken GmbH\",\"description\":\"Ihr Partner in der Aminos\u00e4urenanalytik\",\"publisher\":{\"@id\":\"https:\\\/\\\/laborservice-onken.de\\\/#organization\"},\"potentialAction\":[{\"@type\":\"SearchAction\",\"target\":{\"@type\":\"EntryPoint\",\"urlTemplate\":\"https:\\\/\\\/laborservice-onken.de\\\/?s={search_term_string}\"},\"query-input\":{\"@type\":\"PropertyValueSpecification\",\"valueRequired\":true,\"valueName\":\"search_term_string\"}}],\"inLanguage\":\"en-US\"},{\"@type\":\"Organization\",\"@id\":\"https:\\\/\\\/laborservice-onken.de\\\/#organization\",\"name\":\"Laborservice Onken GmbH\",\"url\":\"https:\\\/\\\/laborservice-onken.de\\\/\",\"logo\":{\"@type\":\"ImageObject\",\"inLanguage\":\"en-US\",\"@id\":\"https:\\\/\\\/laborservice-onken.de\\\/#\\\/schema\\\/logo\\\/image\\\/\",\"url\":\"https:\\\/\\\/laborservice-onken.de\\\/wp-content\\\/uploads\\\/2019\\\/02\\\/Logo_Textb.png\",\"contentUrl\":\"https:\\\/\\\/laborservice-onken.de\\\/wp-content\\\/uploads\\\/2019\\\/02\\\/Logo_Textb.png\",\"width\":586,\"height\":88,\"caption\":\"Laborservice Onken GmbH\"},\"image\":{\"@id\":\"https:\\\/\\\/laborservice-onken.de\\\/#\\\/schema\\\/logo\\\/image\\\/\"}}]}<\/script>\n<!-- \/ Yoast SEO plugin. -->","yoast_head_json":{"title":"Physiologische Aminos\u00e4uren - Laborservice Onken GmbH","robots":{"index":"index","follow":"follow","max-snippet":"max-snippet:-1","max-image-preview":"max-image-preview:large","max-video-preview":"max-video-preview:-1"},"canonical":"https:\/\/laborservice-onken.de\/en\/produkte\/physiologische-aminosaeuren\/","og_locale":"en_US","og_type":"article","og_title":"Physiologische Aminos\u00e4uren - Laborservice Onken GmbH","og_url":"https:\/\/laborservice-onken.de\/en\/produkte\/physiologische-aminosaeuren\/","og_site_name":"Laborservice Onken GmbH","article_modified_time":"2019-03-13T14:35:51+00:00","twitter_misc":{"Est. reading time":"1 minute"},"schema":{"@context":"https:\/\/schema.org","@graph":[{"@type":"WebPage","@id":"https:\/\/laborservice-onken.de\/produkte\/physiologische-aminosaeuren\/","url":"https:\/\/laborservice-onken.de\/produkte\/physiologische-aminosaeuren\/","name":"Physiologische Aminos\u00e4uren - Laborservice Onken GmbH","isPartOf":{"@id":"https:\/\/laborservice-onken.de\/#website"},"datePublished":"2019-03-13T12:56:28+00:00","dateModified":"2019-03-13T14:35:51+00:00","breadcrumb":{"@id":"https:\/\/laborservice-onken.de\/produkte\/physiologische-aminosaeuren\/#breadcrumb"},"inLanguage":"en-US","potentialAction":[{"@type":"ReadAction","target":["https:\/\/laborservice-onken.de\/produkte\/physiologische-aminosaeuren\/"]}]},{"@type":"BreadcrumbList","@id":"https:\/\/laborservice-onken.de\/produkte\/physiologische-aminosaeuren\/#breadcrumb","itemListElement":[{"@type":"ListItem","position":1,"name":"Startseite","item":"https:\/\/laborservice-onken.de\/"},{"@type":"ListItem","position":2,"name":"Produkte","item":"https:\/\/laborservice-onken.de\/produkte\/"},{"@type":"ListItem","position":3,"name":"Physiologische Aminos\u00e4uren"}]},{"@type":"WebSite","@id":"https:\/\/laborservice-onken.de\/#website","url":"https:\/\/laborservice-onken.de\/","name":"Laborservice Onken GmbH","description":"Your partner in amino acid analysis","publisher":{"@id":"https:\/\/laborservice-onken.de\/#organization"},"potentialAction":[{"@type":"SearchAction","target":{"@type":"EntryPoint","urlTemplate":"https:\/\/laborservice-onken.de\/?s={search_term_string}"},"query-input":{"@type":"PropertyValueSpecification","valueRequired":true,"valueName":"search_term_string"}}],"inLanguage":"en-US"},{"@type":"Organization","@id":"https:\/\/laborservice-onken.de\/#organization","name":"Laborservice Onken GmbH","url":"https:\/\/laborservice-onken.de\/","logo":{"@type":"ImageObject","inLanguage":"en-US","@id":"https:\/\/laborservice-onken.de\/#\/schema\/logo\/image\/","url":"https:\/\/laborservice-onken.de\/wp-content\/uploads\/2019\/02\/Logo_Textb.png","contentUrl":"https:\/\/laborservice-onken.de\/wp-content\/uploads\/2019\/02\/Logo_Textb.png","width":586,"height":88,"caption":"Laborservice Onken GmbH"},"image":{"@id":"https:\/\/laborservice-onken.de\/#\/schema\/logo\/image\/"}}]}},"_links":{"self":[{"href":"https:\/\/laborservice-onken.de\/en\/wp-json\/wp\/v2\/pages\/1931","targetHints":{"allow":["GET"]}}],"collection":[{"href":"https:\/\/laborservice-onken.de\/en\/wp-json\/wp\/v2\/pages"}],"about":[{"href":"https:\/\/laborservice-onken.de\/en\/wp-json\/wp\/v2\/types\/page"}],"author":[{"embeddable":true,"href":"https:\/\/laborservice-onken.de\/en\/wp-json\/wp\/v2\/users\/1"}],"replies":[{"embeddable":true,"href":"https:\/\/laborservice-onken.de\/en\/wp-json\/wp\/v2\/comments?post=1931"}],"version-history":[{"count":0,"href":"https:\/\/laborservice-onken.de\/en\/wp-json\/wp\/v2\/pages\/1931\/revisions"}],"up":[{"embeddable":true,"href":"https:\/\/laborservice-onken.de\/en\/wp-json\/wp\/v2\/pages\/1436"}],"wp:attachment":[{"href":"https:\/\/laborservice-onken.de\/en\/wp-json\/wp\/v2\/media?parent=1931"}],"curies":[{"name":"wp","href":"https:\/\/api.w.org\/{rel}","templated":true}]}}