{"id":1456,"date":"2019-02-22T10:12:38","date_gmt":"2019-02-22T10:12:38","guid":{"rendered":"https:\/\/laborservice-onken.de\/?page_id=1456"},"modified":"2026-01-02T13:42:30","modified_gmt":"2026-01-02T13:42:30","slug":"aminosaeurenanalysator","status":"publish","type":"page","link":"https:\/\/laborservice-onken.de\/en\/produkte\/aminosaeurenanalysator\/","title":{"rendered":"Biochrom 30Plus"},"content":{"rendered":"<div class=\"wpb-content-wrapper\"><div class=\"vc_row wpb_row vc_row-fluid\"><div class=\"wpb_column vc_column_container vc_col-sm-2\"><div class=\"vc_column-inner\"><div class=\"wpb_wrapper\"><\/div><\/div><\/div><div class=\"wpb_column vc_column_container vc_col-sm-8\"><div class=\"vc_column-inner\"><div class=\"wpb_wrapper\"><h2 style=\"font-size: 30px;color: #1e73be;text-align: left;font-family:Abril Fatface;font-weight:400;font-style:normal\" class=\"vc_custom_heading\" >Why a Biochrom 30 Plus?<\/h2><\/div><\/div><\/div><div class=\"wpb_column vc_column_container vc_col-sm-2\"><div class=\"vc_column-inner\"><div class=\"wpb_wrapper\"><\/div><\/div><\/div><\/div><div class=\"vc_row wpb_row vc_row-fluid\"><div class=\"wpb_column vc_column_container vc_col-sm-2\"><div class=\"vc_column-inner\"><div class=\"wpb_wrapper\"><\/div><\/div><\/div><div class=\"wpb_column vc_column_container vc_col-sm-8\"><div class=\"vc_column-inner\"><div class=\"wpb_wrapper\">\n\t<div class=\"wpb_text_column wpb_content_element\" >\n\t\t<div class=\"wpb_wrapper\">\n\t\t\t<p><span style=\"color: #000000;\">For the determination of amino acids many chromatography procedures are in recent decades have been described and also marketed, that should be faster and with more flexible devices, as it was possible with the classic amino acid analyzers.\u00a0<\/span><\/p>\n<p><span style=\"color: #000000;\">All these procedures show method-specific weaknesses and deliver the reliable results as necessary in the routine application. Are amino acids accurately, reliably and independently by the respective sample matrix be determined, so offers not only for the traditional use areas such as food and feed monitoring, pharmaceutical applications and the clinical area - still the procedure with post column reaction, Ninhydrinreagenz and photometric detection at.\u00a0<\/span><\/p>\n<p><span style=\"color: #000000;\">This method is proven not only for decades and still necessary in routine laboratories, but written in various official guidelines for the analysis of amino acids. Laboratory Onken GmbH has made the task to provide its decades of experience in the field of classical amino acid analysis to users of the amino acid analysis.<\/span><\/p>\n<p><span class=\"fontstyle2\" style=\"color: #000000;\">Lithium chemistry for physiological analysis and the Biochrom 30Plus is IVD certified.<br \/>\nThus, it is the only amino acid analyser<br \/>\nmay be used according to the IVD guidelines<br \/>\nPKU-and MSUD analysis for clinical diagnostic purposes.<\/span><\/p>\n<p><span style=\"color: #000000;\">For more Information<em> &#8222;Warum einen Biochrom 30Plus f\u00fcr Futter- und Lebensmittelanalytik?&#8220; :<br \/>\n<\/em><\/span><\/p>\n<p><a href=\"https:\/\/laborservice-onken.de\/wp-content\/uploads\/2019\/03\/Warum-einen-Biochrom-30Plus-f\u00fcr-Futter-und-Lebensmittelanalytik.pdf\" target=\"_blank\" rel=\"noopener\">Deutsch<\/a><\/p>\n<p><a href=\"https:\/\/laborservice-onken.de\/wp-content\/uploads\/2021\/02\/Why-a-Biochrom-30Plus-for-feed-and-food-analysis.pdf\" target=\"_blank\" rel=\"noopener\">Englisch<\/a><\/p>\n<p>For more Information<em> &#8220; <span class=\"fontstyle0\">visit our\nDownload Area.<\/span><\/em><em> &#8222;:<\/em><\/p>\n<p><a href=\"https:\/\/laborservice-onken.de\/wp-content\/uploads\/2019\/03\/Warum-einen-Biochrom-30Plus-f\u00fcr-Pharmazie-und-Life-Science.pdf\" target=\"_blank\" rel=\"noopener\">Deutsch<\/a><\/p>\n<p><a href=\"https:\/\/laborservice-onken.de\/wp-content\/uploads\/2021\/02\/Why-a-Biochrom-30Plus-for-pharmacy-and-life-science.pdf\" target=\"_blank\" rel=\"noopener\">Englisch<\/a><\/p>\n<p>For more Information visit<span class=\"fontstyle0\">our<em> Download Area.<\/em><\/span><em>&#8220; :<\/em><\/p>\n<p><a href=\"https:\/\/laborservice-onken.de\/wp-content\/uploads\/2019\/03\/Warum-einen-Biochrom-30Plus-im-Stoffwechsellabor.pdf\" target=\"_blank\" rel=\"noopener\">Deutsch<\/a><\/p>\n<p><a href=\"https:\/\/laborservice-onken.de\/wp-content\/uploads\/2021\/02\/Why-a-Biochrom-30Plus-in-the-metabolic-lab.pdf\" target=\"_blank\" rel=\"noopener\">Englisch<\/a><\/p>\n\n\t\t<\/div>\n\t<\/div>\n\n\t<div class=\"wpb_text_column wpb_content_element\" >\n\t\t<div class=\"wpb_wrapper\">\n\t\t\t<p><span style=\"color: #000000;\">Biochrom 30Plus amino acid Analyzer is a designed for routine analysis, specifically PC controlled chromatography system for fast, accurate and reliable routine analysis of amino acids in the clinical and pharmaceutical sectors, for the living Feed industry, proteomics and other applications.<\/span><\/p>\n<p><span style=\"color: #000000;\">He is based on the proven and in official\/official analytical methods of prescribed Ninhydrindetektion and is the technical highlight of over 30 years of experience in this field. The consistent use of inert materials like PEEK and ceramic, and ion-exchange columns adapted to the respective application, Elution buffer and reagents, provide a reliable analysis and ensure the long life of use.<\/span><\/p>\n<p><span style=\"color: #000000;\"> Hier klicken f\u00fcr detailliertere Informationen:<br \/>\n<\/span><\/p>\n<p><a href=\"https:\/\/laborservice-onken.de\/wp-content\/uploads\/2019\/03\/Technische-Spezifikationen.pdf\" target=\"_blank\" rel=\"noopener\">Deutsch<\/a><\/p>\n<p><a href=\"https:\/\/laborservice-onken.de\/wp-content\/uploads\/2021\/02\/Technical-Specifications.pdf\" target=\"_blank\" rel=\"noopener\">Englisch<\/a><\/p>\n\n\t\t<\/div>\n\t<\/div>\n<div class=\"gap\" style=\"line-height: 50px; height: 50px;\"><\/div><\/div><\/div><\/div><div class=\"wpb_column vc_column_container vc_col-sm-2\"><div class=\"vc_column-inner\"><div class=\"wpb_wrapper\">\n\t<div  class=\"wpb_single_image wpb_content_element vc_align_left  wpb_animate_when_almost_visible wpb_appear appear\">\n\t\t\n\t\t<figure class=\"wpb_wrapper vc_figure\">\n\t\t\t<div class=\"vc_single_image-wrapper   vc_box_border_grey\"><img loading=\"lazy\" decoding=\"async\" width=\"500\" height=\"375\" src=\"https:\/\/laborservice-onken.de\/wp-content\/uploads\/2019\/02\/B30Transparent-1-e1551868909413.png\" class=\"vc_single_image-img attachment-full\" alt=\"\" title=\"B30Transparent\"  data-dt-location=\"https:\/\/laborservice-onken.de\/en\/produkte\/b30transparent-2\/\" \/><\/div>\n\t\t<\/figure>\n\t<\/div>\n\n\t<div class=\"wpb_text_column wpb_content_element\" >\n\t\t<div class=\"wpb_wrapper\">\n\t\t\t<ul>\n<li><span style=\"color: #000000;\">Double piston pump with active piston backflushing for buffers and reagents.\u00a0<\/span><\/li>\n<li><span style=\"color: #000000;\">In 6 levels programmable buffer gradient.\u00a0<\/span><\/li>\n<li><span style=\"color: #000000;\">Inert gas supply for reagent and buffer.\u00a0<\/span><\/li>\n<li><span style=\"color: #000000;\">Vent valves and Blasenfallen for reagent and buffer pump.\u00a0<\/span><\/li>\n<li><span style=\"color: #000000;\">Programmable temperature gradient for the column. Post column reactor with automatic irrigation system.\u00a0<\/span><\/li>\n<li><span style=\"color: #000000;\">2 - wavelength Spectrophotometric flow cell (440\/570 nm).<\/span><\/li>\n<\/ul>\n\n\t\t<\/div>\n\t<\/div>\n<\/div><\/div><\/div><\/div><div class=\"vc_row wpb_row vc_row-fluid\"><div class=\"wpb_column vc_column_container vc_col-sm-2\"><div class=\"vc_column-inner\"><div class=\"wpb_wrapper\"><\/div><\/div><\/div><div class=\"wpb_column vc_column_container vc_col-sm-8\"><div class=\"vc_column-inner\"><div class=\"wpb_wrapper\"><h2 style=\"font-size: 20px;color: #1e73be;text-align: left;font-family:Abril Fatface;font-weight:400;font-style:normal\" class=\"vc_custom_heading\" >Explanation video for a classic amino acid analysis on the Biochrom 30Plus<\/h2>\n\t<div class=\"wpb_video_widget wpb_content_element vc_clearfix   vc_video-aspect-ratio-169 vc_video-el-width-100 vc_video-align-left\" >\n\t\t<div class=\"wpb_wrapper\">\n\t\t\t\n\t\t\t<div class=\"wpb_video_wrapper\"><iframe loading=\"lazy\" title=\"aminoAcidAnimationEn.mp4\" src=\"https:\/\/player.vimeo.com\/video\/715280766?h=3d82dd8026&amp;dnt=1&amp;app_id=122963\" width=\"1200\" height=\"675\" frameborder=\"0\" allow=\"autoplay; fullscreen; picture-in-picture\" allowfullscreen><\/iframe><\/div>\n\t\t<\/div>\n\t<\/div>\n<div class=\"gap\" style=\"line-height: 50px; height: 50px;\"><\/div><\/div><\/div><\/div><\/div><div class=\"vc_row wpb_row vc_row-fluid\"><div class=\"wpb_column vc_column_container vc_col-sm-2\"><div class=\"vc_column-inner\"><div class=\"wpb_wrapper\"><\/div><\/div><\/div><div class=\"wpb_column vc_column_container vc_col-sm-8\"><div class=\"vc_column-inner\"><div class=\"wpb_wrapper\"><h2 style=\"font-size: 20px;color: #1e73be;text-align: left;font-family:Abril Fatface;font-weight:400;font-style:normal\" class=\"vc_custom_heading\" >The autosampler<\/h2>\n\t<div class=\"wpb_text_column wpb_content_element\" >\n\t\t<div class=\"wpb_wrapper\">\n\t\t\t<p>Variable HPLC injection system with temperature control of samples. Model: Alias. Variable injection volume from 1 to 200 \u00b5l of standard. Freely programmable for each sample. Partial loop fill with less than 20 \u00b5l sample loss. Microlitre-pick-up mode without sample loss by additional transport liquid. Flushed-loop mode for the injection of the total sample volume. Supplied standard sample loop of 200 \u00b5l. Other sample loops for example 20, 50 and up to 5000 \u00b5l available as an option.<\/p>\n\n\t\t<\/div>\n\t<\/div>\n<div class=\"gap\" style=\"line-height: 50px; height: 50px;\"><\/div><\/div><\/div><\/div><div class=\"wpb_column vc_column_container vc_col-sm-2\"><div class=\"vc_column-inner\"><div class=\"wpb_wrapper\">\n\t<div  class=\"wpb_single_image wpb_content_element vc_align_left\">\n\t\t\n\t\t<figure class=\"wpb_wrapper vc_figure\">\n\t\t\t<div class=\"vc_single_image-wrapper   vc_box_border_grey\"><img loading=\"lazy\" decoding=\"async\" width=\"238\" height=\"300\" src=\"https:\/\/laborservice-onken.de\/wp-content\/uploads\/2021\/01\/20190430_084102-238x300.jpg\" class=\"vc_single_image-img attachment-medium\" alt=\"\" title=\"20190430_084102\" srcset=\"https:\/\/laborservice-onken.de\/wp-content\/uploads\/2021\/01\/20190430_084102-238x300.jpg 238w, https:\/\/laborservice-onken.de\/wp-content\/uploads\/2021\/01\/20190430_084102-813x1024.jpg 813w, https:\/\/laborservice-onken.de\/wp-content\/uploads\/2021\/01\/20190430_084102-768x967.jpg 768w, https:\/\/laborservice-onken.de\/wp-content\/uploads\/2021\/01\/20190430_084102-1220x1536.jpg 1220w, https:\/\/laborservice-onken.de\/wp-content\/uploads\/2021\/01\/20190430_084102-1626x2048.jpg 1626w, https:\/\/laborservice-onken.de\/wp-content\/uploads\/2021\/01\/20190430_084102-10x12.jpg 10w, https:\/\/laborservice-onken.de\/wp-content\/uploads\/2021\/01\/20190430_084102.jpg 1943w\" sizes=\"auto, (max-width: 238px) 100vw, 238px\"  data-dt-location=\"https:\/\/laborservice-onken.de\/en\/produkte\/aminosaeurenanalysator\/20190430_084102\/\" \/><\/div>\n\t\t<\/figure>\n\t<\/div>\n<\/div><\/div><\/div><\/div><div class=\"vc_row wpb_row vc_row-fluid\"><div class=\"wpb_column vc_column_container vc_col-sm-2\"><div class=\"vc_column-inner\"><div class=\"wpb_wrapper\"><\/div><\/div><\/div><div class=\"wpb_column vc_column_container vc_col-sm-8\"><div class=\"vc_column-inner\"><div class=\"wpb_wrapper\"><h2 style=\"font-size: 20px;color: #1e73be;text-align: left;font-family:Abril Fatface;font-weight:400;font-style:normal\" class=\"vc_custom_heading\" >The PC system<\/h2>\n\t<div class=\"wpb_text_column wpb_content_element\" >\n\t\t<div class=\"wpb_wrapper\">\n\t\t\t<p><span style=\"color: #000000;\">Due to the different requirements of our offered evaluation software, we have multiple PC systems offer:<\/span><\/p>\n<p><span style=\"color: #000000;\"><strong>Our Windows 7 system:<\/strong> \u00a0<\/span><\/p>\n<p><span style=\"color: #000000;\">Ein Intel Core i5 Prozessor, eine 1TB Festplatte, DVD-Brenner zur Datensicherung, 4GB RAM,\u00a0 24Zoll LCD-Widescreen Bildschirm, Tastatur, Maus und das Microsoft Windows 7 Pro Betriebssystem in 32-Bit<br \/>\n<\/span><\/p>\n<p><span style=\"color: #000000;\"><strong>Unser Windows 10 System:\u00a0<\/strong><\/span><\/p>\n<p><span style=\"color: #000000;\">An Intel Core i5 processor, a 1 TB hard drive, DVD burner to backup, 4 GB RAM, 24-inch LCD widescreen monitor, keyboard, mouse and the Microsoft Windows 10 Pro operating system in 64-bit. \u00a0<\/span><\/p>\n<p><span style=\"color: #000000;\"><em>Please note that due to the ever-growing PC market this data at any time can change.<\/em><\/span><\/p>\n<h1><\/h1>\n\n\t\t<\/div>\n\t<\/div>\n<\/div><\/div><\/div><div class=\"wpb_column vc_column_container vc_col-sm-2\"><div class=\"vc_column-inner\"><div class=\"wpb_wrapper\"><\/div><\/div><\/div><\/div>\n<\/div>","protected":false},"excerpt":{"rendered":"<p>Warum einen Biochrom 30 Plus? Zur Bestimmung von Aminos\u00e4uren sind in den letzten Jahrzehnten viele Chromatographieverfahren beschrieben und auch vermarktet worden, die schneller und mit flexibleren Ger\u00e4ten durchf\u00fchrbar sein sollten, als es mit den klassischen Aminos\u00e4urenanalysatoren m\u00f6glich war.\u00a0 Alle diese Verfahren zeigen methodenabh\u00e4ngige Schw\u00e4chen und liefern nicht die zuverl\u00e4ssigen Ergebnisse, wie sie in der Routineanwendung&hellip;<\/p>","protected":false},"author":1,"featured_media":0,"parent":1436,"menu_order":0,"comment_status":"closed","ping_status":"closed","template":"","meta":{"footnotes":""},"class_list":["post-1456","page","type-page","status-publish","hentry","description-off"],"yoast_head":"<!-- This site is optimized with the Yoast SEO plugin v27.4 - https:\/\/yoast.com\/product\/yoast-seo-wordpress\/ -->\n<title>\/produkte\/aminosaeurenanalysator\/<\/title>\n<meta name=\"robots\" content=\"index, follow, max-snippet:-1, max-image-preview:large, max-video-preview:-1\" \/>\n<link rel=\"canonical\" href=\"https:\/\/laborservice-onken.de\/en\/produkte\/aminosaeurenanalysator\/\" \/>\n<meta property=\"og:locale\" content=\"en_US\" \/>\n<meta property=\"og:type\" content=\"article\" \/>\n<meta property=\"og:title\" content=\"\/produkte\/aminosaeurenanalysator\/\" \/>\n<meta property=\"og:url\" content=\"https:\/\/laborservice-onken.de\/en\/produkte\/aminosaeurenanalysator\/\" \/>\n<meta property=\"og:site_name\" content=\"Laborservice Onken GmbH\" \/>\n<meta property=\"article:modified_time\" content=\"2026-01-02T13:42:30+00:00\" \/>\n<meta name=\"twitter:label1\" content=\"Est. reading time\" \/>\n\t<meta name=\"twitter:data1\" content=\"4 minutes\" \/>\n<script type=\"application\/ld+json\" class=\"yoast-schema-graph\">{\"@context\":\"https:\\\/\\\/schema.org\",\"@graph\":[{\"@type\":\"WebPage\",\"@id\":\"https:\\\/\\\/laborservice-onken.de\\\/produkte\\\/aminosaeurenanalysator\\\/\",\"url\":\"https:\\\/\\\/laborservice-onken.de\\\/produkte\\\/aminosaeurenanalysator\\\/\",\"name\":\"\\\/produkte\\\/aminosaeurenanalysator\\\/\",\"isPartOf\":{\"@id\":\"https:\\\/\\\/laborservice-onken.de\\\/#website\"},\"datePublished\":\"2019-02-22T10:12:38+00:00\",\"dateModified\":\"2026-01-02T13:42:30+00:00\",\"breadcrumb\":{\"@id\":\"https:\\\/\\\/laborservice-onken.de\\\/produkte\\\/aminosaeurenanalysator\\\/#breadcrumb\"},\"inLanguage\":\"en-US\",\"potentialAction\":[{\"@type\":\"ReadAction\",\"target\":[\"https:\\\/\\\/laborservice-onken.de\\\/produkte\\\/aminosaeurenanalysator\\\/\"]}]},{\"@type\":\"BreadcrumbList\",\"@id\":\"https:\\\/\\\/laborservice-onken.de\\\/produkte\\\/aminosaeurenanalysator\\\/#breadcrumb\",\"itemListElement\":[{\"@type\":\"ListItem\",\"position\":1,\"name\":\"Startseite\",\"item\":\"https:\\\/\\\/laborservice-onken.de\\\/\"},{\"@type\":\"ListItem\",\"position\":2,\"name\":\"Produkte\",\"item\":\"https:\\\/\\\/laborservice-onken.de\\\/produkte\\\/\"},{\"@type\":\"ListItem\",\"position\":3,\"name\":\"Biochrom 30Plus\"}]},{\"@type\":\"WebSite\",\"@id\":\"https:\\\/\\\/laborservice-onken.de\\\/#website\",\"url\":\"https:\\\/\\\/laborservice-onken.de\\\/\",\"name\":\"Laborservice Onken GmbH\",\"description\":\"Ihr Partner in der Aminos\u00e4urenanalytik\",\"publisher\":{\"@id\":\"https:\\\/\\\/laborservice-onken.de\\\/#organization\"},\"potentialAction\":[{\"@type\":\"SearchAction\",\"target\":{\"@type\":\"EntryPoint\",\"urlTemplate\":\"https:\\\/\\\/laborservice-onken.de\\\/?s={search_term_string}\"},\"query-input\":{\"@type\":\"PropertyValueSpecification\",\"valueRequired\":true,\"valueName\":\"search_term_string\"}}],\"inLanguage\":\"en-US\"},{\"@type\":\"Organization\",\"@id\":\"https:\\\/\\\/laborservice-onken.de\\\/#organization\",\"name\":\"Laborservice Onken GmbH\",\"url\":\"https:\\\/\\\/laborservice-onken.de\\\/\",\"logo\":{\"@type\":\"ImageObject\",\"inLanguage\":\"en-US\",\"@id\":\"https:\\\/\\\/laborservice-onken.de\\\/#\\\/schema\\\/logo\\\/image\\\/\",\"url\":\"https:\\\/\\\/laborservice-onken.de\\\/wp-content\\\/uploads\\\/2019\\\/02\\\/Logo_Textb.png\",\"contentUrl\":\"https:\\\/\\\/laborservice-onken.de\\\/wp-content\\\/uploads\\\/2019\\\/02\\\/Logo_Textb.png\",\"width\":586,\"height\":88,\"caption\":\"Laborservice Onken GmbH\"},\"image\":{\"@id\":\"https:\\\/\\\/laborservice-onken.de\\\/#\\\/schema\\\/logo\\\/image\\\/\"}}]}<\/script>\n<!-- \/ Yoast SEO plugin. -->","yoast_head_json":{"title":"\/produkte\/aminosaeurenanalysator\/","robots":{"index":"index","follow":"follow","max-snippet":"max-snippet:-1","max-image-preview":"max-image-preview:large","max-video-preview":"max-video-preview:-1"},"canonical":"https:\/\/laborservice-onken.de\/en\/produkte\/aminosaeurenanalysator\/","og_locale":"en_US","og_type":"article","og_title":"\/produkte\/aminosaeurenanalysator\/","og_url":"https:\/\/laborservice-onken.de\/en\/produkte\/aminosaeurenanalysator\/","og_site_name":"Laborservice Onken GmbH","article_modified_time":"2026-01-02T13:42:30+00:00","twitter_misc":{"Est. reading time":"4 minutes"},"schema":{"@context":"https:\/\/schema.org","@graph":[{"@type":"WebPage","@id":"https:\/\/laborservice-onken.de\/produkte\/aminosaeurenanalysator\/","url":"https:\/\/laborservice-onken.de\/produkte\/aminosaeurenanalysator\/","name":"\/produkte\/aminosaeurenanalysator\/","isPartOf":{"@id":"https:\/\/laborservice-onken.de\/#website"},"datePublished":"2019-02-22T10:12:38+00:00","dateModified":"2026-01-02T13:42:30+00:00","breadcrumb":{"@id":"https:\/\/laborservice-onken.de\/produkte\/aminosaeurenanalysator\/#breadcrumb"},"inLanguage":"en-US","potentialAction":[{"@type":"ReadAction","target":["https:\/\/laborservice-onken.de\/produkte\/aminosaeurenanalysator\/"]}]},{"@type":"BreadcrumbList","@id":"https:\/\/laborservice-onken.de\/produkte\/aminosaeurenanalysator\/#breadcrumb","itemListElement":[{"@type":"ListItem","position":1,"name":"Startseite","item":"https:\/\/laborservice-onken.de\/"},{"@type":"ListItem","position":2,"name":"Produkte","item":"https:\/\/laborservice-onken.de\/produkte\/"},{"@type":"ListItem","position":3,"name":"Biochrom 30Plus"}]},{"@type":"WebSite","@id":"https:\/\/laborservice-onken.de\/#website","url":"https:\/\/laborservice-onken.de\/","name":"Laborservice Onken GmbH","description":"Your partner in amino acid analysis","publisher":{"@id":"https:\/\/laborservice-onken.de\/#organization"},"potentialAction":[{"@type":"SearchAction","target":{"@type":"EntryPoint","urlTemplate":"https:\/\/laborservice-onken.de\/?s={search_term_string}"},"query-input":{"@type":"PropertyValueSpecification","valueRequired":true,"valueName":"search_term_string"}}],"inLanguage":"en-US"},{"@type":"Organization","@id":"https:\/\/laborservice-onken.de\/#organization","name":"Laborservice Onken GmbH","url":"https:\/\/laborservice-onken.de\/","logo":{"@type":"ImageObject","inLanguage":"en-US","@id":"https:\/\/laborservice-onken.de\/#\/schema\/logo\/image\/","url":"https:\/\/laborservice-onken.de\/wp-content\/uploads\/2019\/02\/Logo_Textb.png","contentUrl":"https:\/\/laborservice-onken.de\/wp-content\/uploads\/2019\/02\/Logo_Textb.png","width":586,"height":88,"caption":"Laborservice Onken GmbH"},"image":{"@id":"https:\/\/laborservice-onken.de\/#\/schema\/logo\/image\/"}}]}},"_links":{"self":[{"href":"https:\/\/laborservice-onken.de\/en\/wp-json\/wp\/v2\/pages\/1456","targetHints":{"allow":["GET"]}}],"collection":[{"href":"https:\/\/laborservice-onken.de\/en\/wp-json\/wp\/v2\/pages"}],"about":[{"href":"https:\/\/laborservice-onken.de\/en\/wp-json\/wp\/v2\/types\/page"}],"author":[{"embeddable":true,"href":"https:\/\/laborservice-onken.de\/en\/wp-json\/wp\/v2\/users\/1"}],"replies":[{"embeddable":true,"href":"https:\/\/laborservice-onken.de\/en\/wp-json\/wp\/v2\/comments?post=1456"}],"version-history":[{"count":16,"href":"https:\/\/laborservice-onken.de\/en\/wp-json\/wp\/v2\/pages\/1456\/revisions"}],"predecessor-version":[{"id":2904,"href":"https:\/\/laborservice-onken.de\/en\/wp-json\/wp\/v2\/pages\/1456\/revisions\/2904"}],"up":[{"embeddable":true,"href":"https:\/\/laborservice-onken.de\/en\/wp-json\/wp\/v2\/pages\/1436"}],"wp:attachment":[{"href":"https:\/\/laborservice-onken.de\/en\/wp-json\/wp\/v2\/media?parent=1456"}],"curies":[{"name":"wp","href":"https:\/\/api.w.org\/{rel}","templated":true}]}}