{"id":1420,"date":"2019-02-15T11:58:38","date_gmt":"2019-02-15T11:58:38","guid":{"rendered":"https:\/\/laborservice-onken.de\/?page_id=1420"},"modified":"2025-03-31T06:35:37","modified_gmt":"2025-03-31T06:35:37","slug":"team","status":"publish","type":"page","link":"https:\/\/laborservice-onken.de\/en\/team\/","title":{"rendered":"Our Team"},"content":{"rendered":"<div class=\"wpb-content-wrapper\"><div class=\"vc_row wpb_row vc_row-fluid\"><div class=\"wpb_column vc_column_container vc_col-sm-6\"><div class=\"vc_column-inner\"><div class=\"wpb_wrapper\"><h4 style=\"text-align: center\" class=\"vc_custom_heading\" >Jann Onken<\/h4>\n\t<div class=\"wpb_text_column wpb_content_element\" >\n\t\t<div class=\"wpb_wrapper\">\n\t\t\t<div class=\"cm-widget-catalog-content\">\n<p style=\"text-align: center;\">Managing Director<\/p>\n<p style=\"text-align: center;\">Firmengr\u00fcnder und Gesch\u00e4ftsf\u00fchrer, mit 40 Jahren Erfahrung in Technik und Vertrieb von Aminos\u00e4urenanalysatoren.<\/p>\n<p style=\"text-align: center;\"><span class=\"cm-widget-catalog-label\">Phone: <\/span>06058\/1445<\/p>\n<p style=\"text-align: center;\"><span class=\"cm-widget-catalog-label\">Mobil: <\/span>0171\/5462724<\/p>\n<p style=\"text-align: center;\"><span class=\"cm-widget-catalog-label\">Email: <\/span>jann.onken@laborservice-onken.de<\/p>\n<p>&nbsp;<\/p>\n<\/div>\n\n\t\t<\/div>\n\t<\/div>\n<div class=\"vc_separator wpb_content_element vc_separator_align_center vc_sep_width_100 vc_sep_shadow vc_sep_pos_align_center vc_separator_no_text vc_sep_color_blue\" ><span class=\"vc_sep_holder vc_sep_holder_l\"><span class=\"vc_sep_line\"><\/span><\/span><span class=\"vc_sep_holder vc_sep_holder_r\"><span class=\"vc_sep_line\"><\/span><\/span>\n<\/div><h4 style=\"text-align: center\" class=\"vc_custom_heading\" >Jens Onken<\/h4>\n\t<div class=\"wpb_text_column wpb_content_element\" >\n\t\t<div class=\"wpb_wrapper\">\n\t\t\t<div class=\"cm-widget-catalog-content\">\n<p style=\"text-align: center;\">Managing Director<\/p>\n<p style=\"text-align: center;\">Seit Oktober 2017 f\u00fcr uns als Serviceingenieur t\u00e4tig f\u00fcr die In-House-Reparaturen, den Endtest und die Qualifizierung neuer und aufgearbeiteter Ger\u00e4te, sowie auch f\u00fcr Reparaturen, Wartungen, Installationen und Qualifizierungen im Au\u00dfendienst direkt bei Ihnen vor Ort. Seit Juli 2020 auch 2. Gesch\u00e4ftsf\u00fchrer und Mitinhaber.<\/p>\n<p style=\"text-align: center;\"><span class=\"cm-widget-catalog-label\">Phone: <\/span>06058\/1445<\/p>\n<p style=\"text-align: center;\"><span class=\"cm-widget-catalog-label\">Mobil: <\/span>0151\/28323051<\/p>\n<p style=\"text-align: center;\"><span class=\"cm-widget-catalog-label\">Email: <\/span>jens.onken@laborservice-onken.de<\/p>\n<\/div>\n\n\t\t<\/div>\n\t<\/div>\n<div class=\"vc_separator wpb_content_element vc_separator_align_center vc_sep_width_100 vc_sep_shadow vc_sep_pos_align_center vc_separator_no_text vc_sep_color_blue\" ><span class=\"vc_sep_holder vc_sep_holder_l\"><span class=\"vc_sep_line\"><\/span><\/span><span class=\"vc_sep_holder vc_sep_holder_r\"><span class=\"vc_sep_line\"><\/span><\/span>\n<\/div><h4 style=\"text-align: center\" class=\"vc_custom_heading\" >Timo Jaap<\/h4>\n\t<div class=\"wpb_text_column wpb_content_element\" >\n\t\t<div class=\"wpb_wrapper\">\n\t\t\t<div class=\"cm-widget-catalog-content\">\n<p style=\"text-align: center;\">Service engineer<\/p>\n<p style=\"text-align: center;\">Unser erfahrenster Serviceingenieur im Team, mit 20 Jahre Erfahrung als Serviceingenieur. Sein Schwerpunkt ist Nordost- und S\u00fcddeutschland, sowie die Schweiz und \u00d6sterreich.<\/p>\n<p style=\"text-align: center;\"><span class=\"cm-widget-catalog-label\">Mobil: <\/span>+49 (0)160 96 42 75 62<\/p>\n<p style=\"text-align: center;\"><span class=\"cm-widget-catalog-label\">Email: <\/span>timo.jaap@laborservice-onken.de<\/p>\n<\/div>\n\n\t\t<\/div>\n\t<\/div>\n<div class=\"vc_separator wpb_content_element vc_separator_align_center vc_sep_width_100 vc_sep_shadow vc_sep_pos_align_center vc_separator_no_text vc_sep_color_blue\" ><span class=\"vc_sep_holder vc_sep_holder_l\"><span class=\"vc_sep_line\"><\/span><\/span><span class=\"vc_sep_holder vc_sep_holder_r\"><span class=\"vc_sep_line\"><\/span><\/span>\n<\/div><h4 style=\"text-align: center\" class=\"vc_custom_heading\" >J\u00f6rg Diel<\/h4>\n\t<div class=\"wpb_text_column wpb_content_element\" >\n\t\t<div class=\"wpb_wrapper\">\n\t\t\t<div class=\"cm-widget-catalog-content\">\n<p style=\"text-align: center;\">Vertriebs- u. Marketingmanager<\/p>\n<p style=\"text-align: center;\">Unser neuer Mitarbeiter zur Unterst\u00fctzung in allen Marketing- und Vertriebst\u00e4tigkeiten.<\/p>\n<p style=\"text-align: center;\">Jetzt haben wir eine tatkr\u00e4ftige und erfahrene Unterst\u00fctzung in allen Belangen unserer Marketing- und Vertriebst\u00e4tigkeiten. Ob Homepage, Prospekte oder Angebote, J\u00f6rg hat immer die richtige L\u00f6sung daf\u00fcr.<\/p>\n<p style=\"text-align: center;\"><span class=\"cm-widget-catalog-label\">Mobil: <\/span>+49 (0)151 72050034<\/p>\n<p style=\"text-align: center;\"><span class=\"cm-widget-catalog-label\">Email: joerg.diel<\/span>@laborservice-onken.de<\/p>\n<\/div>\n\n\t\t<\/div>\n\t<\/div>\n<\/div><\/div><\/div><div class=\"wpb_column vc_column_container vc_col-sm-6\"><div class=\"vc_column-inner\"><div class=\"wpb_wrapper\"><h4 style=\"text-align: center\" class=\"vc_custom_heading\" >Monika Degenhof<\/h4>\n\t<div class=\"wpb_text_column wpb_content_element\" >\n\t\t<div class=\"wpb_wrapper\">\n\t\t\t<div class=\"cm-widget-catalog-content\">\n<p style=\"text-align: center;\">Accounting<\/p>\n<p style=\"text-align: center;\">Mitarbeiterin bei uns seit mehr als 20 Jahren und zust\u00e4ndig f\u00fcr Auftragsabwicklung, Buchhaltung und Telefon. Hier ist Ihre Bestellung in guten H\u00e4nden.<\/p>\n<p style=\"text-align: center;\"><span class=\"cm-widget-catalog-label\">Phone: <\/span>06058\/1445<\/p>\n<p style=\"text-align: center;\"><span class=\"cm-widget-catalog-label\">Email: <\/span>monika.degenhof@laborservice-onken.de<\/p>\n<p>&nbsp;<\/p>\n<\/div>\n\n\t\t<\/div>\n\t<\/div>\n<div class=\"vc_separator wpb_content_element vc_separator_align_center vc_sep_width_100 vc_sep_shadow vc_sep_pos_align_center vc_separator_no_text vc_sep_color_blue\" ><span class=\"vc_sep_holder vc_sep_holder_l\"><span class=\"vc_sep_line\"><\/span><\/span><span class=\"vc_sep_holder vc_sep_holder_r\"><span class=\"vc_sep_line\"><\/span><\/span>\n<\/div><h4 style=\"text-align: center\" class=\"vc_custom_heading\" >Dr. Timo Gutermuth<\/h4>\n\t<div class=\"wpb_text_column wpb_content_element\" >\n\t\t<div class=\"wpb_wrapper\">\n\t\t\t<div class=\"cm-widget-catalog-content\">\n<p style=\"text-align: center;\">Service engineer and research associate<\/p>\n<p style=\"text-align: center;\">Our researcher for new and further development, and application. Also worked as service engineer in Central and southern Germany, of Switzerland and Austria.<\/p>\n<p style=\"text-align: center;\"><span class=\"cm-widget-catalog-label\">Phone: <\/span>06058\/1445<\/p>\n<p style=\"text-align: center;\"><span class=\"cm-widget-catalog-label\">Mobil: <\/span>0171\/1050911<\/p>\n<p style=\"text-align: center;\"><span class=\"cm-widget-catalog-label\">Email: <\/span>timo.gutermuth@laborservice-onken.de<\/p>\n<\/div>\n\n\t\t<\/div>\n\t<\/div>\n<div class=\"vc_separator wpb_content_element vc_separator_align_center vc_sep_width_100 vc_sep_shadow vc_sep_pos_align_center vc_separator_no_text vc_sep_color_blue\" ><span class=\"vc_sep_holder vc_sep_holder_l\"><span class=\"vc_sep_line\"><\/span><\/span><span class=\"vc_sep_holder vc_sep_holder_r\"><span class=\"vc_sep_line\"><\/span><\/span>\n<\/div><h4 style=\"text-align: center\" class=\"vc_custom_heading\" >J\u00fcrgen He\u00df<\/h4>\n\t<div class=\"wpb_text_column wpb_content_element\" >\n\t\t<div class=\"wpb_wrapper\">\n\t\t\t<div class=\"cm-widget-catalog-content\">\n<p style=\"text-align: center;\">Warehousing and shipping<\/p>\n<p style=\"text-align: center;\">Unser Macher. Zust\u00e4ndig f\u00fcr die Lagerung und den Versand ihrer Waren. Durch ihn kommen ihre Bestellungen schnell und sicher bei ihnen an.<\/p>\n<p style=\"text-align: center;\"><span class=\"cm-widget-catalog-label\">Phone: <\/span>06058\/1445<\/p>\n<p style=\"text-align: center;\"><span class=\"cm-widget-catalog-label\">Email: <\/span>juergen.hess@laborservice-onken.de<\/p>\n<\/div>\n\n\t\t<\/div>\n\t<\/div>\n<div class=\"vc_separator wpb_content_element vc_separator_align_center vc_sep_width_100 vc_sep_shadow vc_sep_pos_align_center vc_separator_no_text vc_sep_color_blue\" ><span class=\"vc_sep_holder vc_sep_holder_l\"><span class=\"vc_sep_line\"><\/span><\/span><span class=\"vc_sep_holder vc_sep_holder_r\"><span class=\"vc_sep_line\"><\/span><\/span>\n<\/div><h4 style=\"text-align: center\" class=\"vc_custom_heading\" >Torsten Krowas<\/h4>\n\t<div class=\"wpb_text_column wpb_content_element\" >\n\t\t<div class=\"wpb_wrapper\">\n\t\t\t<div class=\"cm-widget-catalog-content\">\n<p style=\"text-align: center;\">Servicetechniker<\/p>\n<p style=\"text-align: center;\">Unser neuester Mitarbeiter im Service. Ein Quereinsteiger, der sich in k\u00fcrzester Zeit in unsere Technologie eingearbeitet hat. Sein Schwerpunkt ist die Betreuung unserer Kunden in den Benelux-L\u00e4ndern.<\/p>\n<p style=\"text-align: center;\"><span class=\"cm-widget-catalog-label\">Phone: <span class=\"fontstyle0\">0151\/40329084<\/span>\u00a0<\/span><\/p>\n<p style=\"text-align: center;\"><span class=\"cm-widget-catalog-label\">Email: torsten.krowas<\/span>@laborservice-onken.de<\/p>\n<\/div>\n\n\t\t<\/div>\n\t<\/div>\n<\/div><\/div><\/div><\/div><div class=\"vc_row wpb_row vc_row-fluid\"><div class=\"wpb_column vc_column_container vc_col-sm-12\"><div class=\"vc_column-inner\"><div class=\"wpb_wrapper\">\n\t<div class=\"wpb_text_column wpb_content_element\" >\n\t\t<div class=\"wpb_wrapper\">\n\t\t\t\n\t\t<\/div>\n\t<\/div>\n<\/div><\/div><\/div><\/div>\n<\/div>","protected":false},"excerpt":{"rendered":"<p>Jann Onken Gesch\u00e4ftsf\u00fchrer Firmengr\u00fcnder und Gesch\u00e4ftsf\u00fchrer, mit 40 Jahren Erfahrung in Technik und Vertrieb von Aminos\u00e4urenanalysatoren. Tel.: 06058\/1445 Mobil: 0171\/5462724 Email: jann.onken@laborservice-onken.de &nbsp; Jens Onken Gesch\u00e4ftsf\u00fchrer Seit Oktober 2017 f\u00fcr uns als Serviceingenieur t\u00e4tig f\u00fcr die In-House-Reparaturen, den Endtest und die Qualifizierung neuer und aufgearbeiteter Ger\u00e4te, sowie auch f\u00fcr Reparaturen, Wartungen, Installationen und Qualifizierungen im&hellip;<\/p>","protected":false},"author":1,"featured_media":0,"parent":0,"menu_order":0,"comment_status":"closed","ping_status":"closed","template":"","meta":{"footnotes":""},"class_list":["post-1420","page","type-page","status-publish","hentry","description-off"],"yoast_head":"<!-- This site is optimized with the Yoast SEO plugin v27.4 - https:\/\/yoast.com\/product\/yoast-seo-wordpress\/ -->\n<title>Unser Team - Laborservice Onken GmbH<\/title>\n<meta name=\"robots\" content=\"index, follow, max-snippet:-1, max-image-preview:large, max-video-preview:-1\" \/>\n<link rel=\"canonical\" href=\"https:\/\/laborservice-onken.de\/en\/team\/\" \/>\n<meta property=\"og:locale\" content=\"en_US\" \/>\n<meta property=\"og:type\" content=\"article\" \/>\n<meta property=\"og:title\" content=\"Unser Team - Laborservice Onken GmbH\" \/>\n<meta property=\"og:url\" content=\"https:\/\/laborservice-onken.de\/en\/team\/\" \/>\n<meta property=\"og:site_name\" content=\"Laborservice Onken GmbH\" \/>\n<meta property=\"article:modified_time\" content=\"2025-03-31T06:35:37+00:00\" \/>\n<meta name=\"twitter:label1\" content=\"Est. reading time\" \/>\n\t<meta name=\"twitter:data1\" content=\"2 minutes\" \/>\n<script type=\"application\/ld+json\" class=\"yoast-schema-graph\">{\"@context\":\"https:\\\/\\\/schema.org\",\"@graph\":[{\"@type\":\"WebPage\",\"@id\":\"https:\\\/\\\/laborservice-onken.de\\\/team\\\/\",\"url\":\"https:\\\/\\\/laborservice-onken.de\\\/team\\\/\",\"name\":\"Unser Team - Laborservice Onken GmbH\",\"isPartOf\":{\"@id\":\"https:\\\/\\\/laborservice-onken.de\\\/#website\"},\"datePublished\":\"2019-02-15T11:58:38+00:00\",\"dateModified\":\"2025-03-31T06:35:37+00:00\",\"breadcrumb\":{\"@id\":\"https:\\\/\\\/laborservice-onken.de\\\/team\\\/#breadcrumb\"},\"inLanguage\":\"en-US\",\"potentialAction\":[{\"@type\":\"ReadAction\",\"target\":[\"https:\\\/\\\/laborservice-onken.de\\\/team\\\/\"]}]},{\"@type\":\"BreadcrumbList\",\"@id\":\"https:\\\/\\\/laborservice-onken.de\\\/team\\\/#breadcrumb\",\"itemListElement\":[{\"@type\":\"ListItem\",\"position\":1,\"name\":\"Startseite\",\"item\":\"https:\\\/\\\/laborservice-onken.de\\\/\"},{\"@type\":\"ListItem\",\"position\":2,\"name\":\"Unser Team\"}]},{\"@type\":\"WebSite\",\"@id\":\"https:\\\/\\\/laborservice-onken.de\\\/#website\",\"url\":\"https:\\\/\\\/laborservice-onken.de\\\/\",\"name\":\"Laborservice Onken GmbH\",\"description\":\"Ihr Partner in der Aminos\u00e4urenanalytik\",\"publisher\":{\"@id\":\"https:\\\/\\\/laborservice-onken.de\\\/#organization\"},\"potentialAction\":[{\"@type\":\"SearchAction\",\"target\":{\"@type\":\"EntryPoint\",\"urlTemplate\":\"https:\\\/\\\/laborservice-onken.de\\\/?s={search_term_string}\"},\"query-input\":{\"@type\":\"PropertyValueSpecification\",\"valueRequired\":true,\"valueName\":\"search_term_string\"}}],\"inLanguage\":\"en-US\"},{\"@type\":\"Organization\",\"@id\":\"https:\\\/\\\/laborservice-onken.de\\\/#organization\",\"name\":\"Laborservice Onken GmbH\",\"url\":\"https:\\\/\\\/laborservice-onken.de\\\/\",\"logo\":{\"@type\":\"ImageObject\",\"inLanguage\":\"en-US\",\"@id\":\"https:\\\/\\\/laborservice-onken.de\\\/#\\\/schema\\\/logo\\\/image\\\/\",\"url\":\"https:\\\/\\\/laborservice-onken.de\\\/wp-content\\\/uploads\\\/2019\\\/02\\\/Logo_Textb.png\",\"contentUrl\":\"https:\\\/\\\/laborservice-onken.de\\\/wp-content\\\/uploads\\\/2019\\\/02\\\/Logo_Textb.png\",\"width\":586,\"height\":88,\"caption\":\"Laborservice Onken GmbH\"},\"image\":{\"@id\":\"https:\\\/\\\/laborservice-onken.de\\\/#\\\/schema\\\/logo\\\/image\\\/\"}}]}<\/script>\n<!-- \/ Yoast SEO plugin. -->","yoast_head_json":{"title":"Unser Team - Laborservice Onken GmbH","robots":{"index":"index","follow":"follow","max-snippet":"max-snippet:-1","max-image-preview":"max-image-preview:large","max-video-preview":"max-video-preview:-1"},"canonical":"https:\/\/laborservice-onken.de\/en\/team\/","og_locale":"en_US","og_type":"article","og_title":"Unser Team - Laborservice Onken GmbH","og_url":"https:\/\/laborservice-onken.de\/en\/team\/","og_site_name":"Laborservice Onken GmbH","article_modified_time":"2025-03-31T06:35:37+00:00","twitter_misc":{"Est. reading time":"2 minutes"},"schema":{"@context":"https:\/\/schema.org","@graph":[{"@type":"WebPage","@id":"https:\/\/laborservice-onken.de\/team\/","url":"https:\/\/laborservice-onken.de\/team\/","name":"Unser Team - Laborservice Onken GmbH","isPartOf":{"@id":"https:\/\/laborservice-onken.de\/#website"},"datePublished":"2019-02-15T11:58:38+00:00","dateModified":"2025-03-31T06:35:37+00:00","breadcrumb":{"@id":"https:\/\/laborservice-onken.de\/team\/#breadcrumb"},"inLanguage":"en-US","potentialAction":[{"@type":"ReadAction","target":["https:\/\/laborservice-onken.de\/team\/"]}]},{"@type":"BreadcrumbList","@id":"https:\/\/laborservice-onken.de\/team\/#breadcrumb","itemListElement":[{"@type":"ListItem","position":1,"name":"Startseite","item":"https:\/\/laborservice-onken.de\/"},{"@type":"ListItem","position":2,"name":"Unser Team"}]},{"@type":"WebSite","@id":"https:\/\/laborservice-onken.de\/#website","url":"https:\/\/laborservice-onken.de\/","name":"Laborservice Onken GmbH","description":"Your partner in amino acid analysis","publisher":{"@id":"https:\/\/laborservice-onken.de\/#organization"},"potentialAction":[{"@type":"SearchAction","target":{"@type":"EntryPoint","urlTemplate":"https:\/\/laborservice-onken.de\/?s={search_term_string}"},"query-input":{"@type":"PropertyValueSpecification","valueRequired":true,"valueName":"search_term_string"}}],"inLanguage":"en-US"},{"@type":"Organization","@id":"https:\/\/laborservice-onken.de\/#organization","name":"Laborservice Onken GmbH","url":"https:\/\/laborservice-onken.de\/","logo":{"@type":"ImageObject","inLanguage":"en-US","@id":"https:\/\/laborservice-onken.de\/#\/schema\/logo\/image\/","url":"https:\/\/laborservice-onken.de\/wp-content\/uploads\/2019\/02\/Logo_Textb.png","contentUrl":"https:\/\/laborservice-onken.de\/wp-content\/uploads\/2019\/02\/Logo_Textb.png","width":586,"height":88,"caption":"Laborservice Onken GmbH"},"image":{"@id":"https:\/\/laborservice-onken.de\/#\/schema\/logo\/image\/"}}]}},"_links":{"self":[{"href":"https:\/\/laborservice-onken.de\/en\/wp-json\/wp\/v2\/pages\/1420","targetHints":{"allow":["GET"]}}],"collection":[{"href":"https:\/\/laborservice-onken.de\/en\/wp-json\/wp\/v2\/pages"}],"about":[{"href":"https:\/\/laborservice-onken.de\/en\/wp-json\/wp\/v2\/types\/page"}],"author":[{"embeddable":true,"href":"https:\/\/laborservice-onken.de\/en\/wp-json\/wp\/v2\/users\/1"}],"replies":[{"embeddable":true,"href":"https:\/\/laborservice-onken.de\/en\/wp-json\/wp\/v2\/comments?post=1420"}],"version-history":[{"count":12,"href":"https:\/\/laborservice-onken.de\/en\/wp-json\/wp\/v2\/pages\/1420\/revisions"}],"predecessor-version":[{"id":2877,"href":"https:\/\/laborservice-onken.de\/en\/wp-json\/wp\/v2\/pages\/1420\/revisions\/2877"}],"wp:attachment":[{"href":"https:\/\/laborservice-onken.de\/en\/wp-json\/wp\/v2\/media?parent=1420"}],"curies":[{"name":"wp","href":"https:\/\/api.w.org\/{rel}","templated":true}]}}